{"id":1138,"date":"2018-04-26T03:30:59","date_gmt":"2018-04-26T03:30:59","guid":{"rendered":"http:\/\/safekidstoolbox.org\/?page_id=1138"},"modified":"2019-09-22T04:14:00","modified_gmt":"2019-09-22T08:14:00","slug":"terminos-de-uso","status":"publish","type":"page","link":"https:\/\/rcrctoolbox.org\/es\/terminos-de-uso\/","title":{"rendered":"T\u00e9rminos de Uso"},"content":{"rendered":"<h1>T\u00e9rminos de Uso<\/h1>\n<p><strong>Bienvenido al sitio web del RCRC Toolbox y gracias por revisar nuestros t\u00e9rminos de uso. <\/strong><\/p>\n<p>El <a href=\"http:\/\/ncdp.columbia.edu\/\" target=\"_blank\" rel=\"noopener noreferrer\">National Center for Disaster Preparedness (NCDP)<\/a> en asociaci\u00f3n con <a href=\"https:\/\/www.savethechildren.org\/\" target=\"_blank\" rel=\"noopener noreferrer\">Save the Children<\/a>, \u00a0y financiado por una subvenci\u00f3n de GSK, ha desarrollado un modelo para las comunidades para la planificaci\u00f3n ante desastres enfocado en los ni\u00f1os, con un fuerte \u00e9nfasis en el desarrollo de la resiliencia a largo plazo. Este sitio web proporciona un servicio p\u00fablico a trav\u00e9s de una subvenci\u00f3n de Resilient Children\/Resilient Communities. La informaci\u00f3n presentada en este sitio web se considera informaci\u00f3n p\u00fablica y puede ser distribuida o copiada. Se solicita el uso de cr\u00e9ditos de byline \/ foto \/ imagen apropiados cuando corresponda.<\/p>\n<p><strong>Descargo de Responsabilidad<\/strong><\/p>\n<p>Si bien el RCRC Toolbox hace todo lo posible para presentar informaci\u00f3n precisa y confiable en este sitio web, RCRC Toolbox, sus creadores y patrocinadores no respaldan, aprueban ni certifican dicha informaci\u00f3n, ni garantizan su precisi\u00f3n, integridad, eficacia o puntualidad. La referencia en este documento a cualquier producto, proceso o servicio comercial no constituye ni implica aprobaci\u00f3n o recomendaci\u00f3n por parte de RCRC Toolbox a menos que se indique expresamente.<\/p>\n<p>En ciertos lugares de este sitio web, se puede acceder a enlaces a otros sitios web. Estos sitios contienen informaci\u00f3n creada, publicada y mantenida por organizaciones independientes de este sitio web. RCRC Toolbox no respalda, aprueba, certifica ni controla estos sitios externos, ni ning\u00fan producto o servicio comercial al que se haga referencia en ellos, y no garantiza la precisi\u00f3n, integridad, eficacia u oportunidad de la informaci\u00f3n provista en ellos.<\/p>\n<p>RCRC Toolbox, sus creadores y patrocinadores, no asumen ninguna responsabilidad por las consecuencias derivadas del uso de la informaci\u00f3n contenida en este documento u obtenida en sitios vinculados y renuncia expresamente a toda responsabilidad por da\u00f1os que surjan del uso, referencia, dependencia o desempe\u00f1o de tal informaci\u00f3n.<\/p>\n<p>Para obtener m\u00e1s informaci\u00f3n, comun\u00edquese con <a href=\"mailto:rcrc@columbia.edu\">rcrc@columbia.edu<\/a>.<\/p>\n","protected":false},"excerpt":{"rendered":"<p>T\u00e9rminos de Uso Bienvenido al sitio web del RCRC Toolbox y gracias por revisar nuestros t\u00e9rminos de uso. El National Center for Disaster Preparedness (NCDP) en asociaci\u00f3n con Save the Children, \u00a0y financiado por una subvenci\u00f3n de GSK, ha desarrollado un modelo para las comunidades&#8230;<\/p>\n","protected":false},"author":1,"featured_media":0,"parent":0,"menu_order":0,"comment_status":"closed","ping_status":"closed","template":"","meta":{"_acf_changed":false,"_monsterinsights_skip_tracking":false,"_monsterinsights_sitenote_active":false,"_monsterinsights_sitenote_note":"","_monsterinsights_sitenote_category":0,"footnotes":""},"class_list":["post-1138","page","type-page","status-publish","hentry"],"acf":[],"yoast_head":"<!-- This site is optimized with the Yoast SEO plugin v26.2 - https:\/\/yoast.com\/wordpress\/plugins\/seo\/ -->\n<title>T\u00e9rminos de Uso | RCRC Toolbox<\/title>\n<meta name=\"description\" content=\"El National Center for Disaster Preparedness (NCDP) en asociaci\u00f3n con Save the Children y financiado por una subvenci\u00f3n de GSK, ha desarrollado un modelo para las comunidades para la planificaci\u00f3n ante desastres enfocado en los ni\u00f1os, con un fuerte \u00e9nfasis en el desarrollo de la resiliencia a largo plazo.\" \/>\n<meta name=\"robots\" content=\"index, follow, max-snippet:-1, max-image-preview:large, max-video-preview:-1\" \/>\n<link rel=\"canonical\" href=\"https:\/\/rcrctoolbox.org\/terms-of-use\/\" \/>\n<meta property=\"og:locale\" content=\"es_ES\" \/>\n<meta property=\"og:type\" content=\"article\" \/>\n<meta property=\"og:title\" content=\"T\u00e9rminos de Uso | RCRC Toolbox\" \/>\n<meta property=\"og:description\" content=\"El National Center for Disaster Preparedness (NCDP) en asociaci\u00f3n con Save the Children y financiado por una subvenci\u00f3n de GSK, ha desarrollado un modelo para las comunidades para la planificaci\u00f3n ante desastres enfocado en los ni\u00f1os, con un fuerte \u00e9nfasis en el desarrollo de la resiliencia a largo plazo. Este sitio web proporciona un servicio p\u00fablico a trav\u00e9s de una subvenci\u00f3n de Resilient Children\/Resilient Communitie\" \/>\n<meta property=\"og:url\" content=\"https:\/\/rcrctoolbox.org\/terms-of-use\/\" \/>\n<meta property=\"og:site_name\" content=\"RCRC Caja de Herramientas\" \/>\n<meta property=\"article:publisher\" content=\"https:\/\/www.facebook.com\/ncdpcu\" \/>\n<meta property=\"article:modified_time\" content=\"2019-09-22T08:14:00+00:00\" \/>\n<meta name=\"twitter:card\" content=\"summary_large_image\" \/>\n<meta name=\"twitter:title\" content=\"T\u00e9rminos de Uso | RCRC Toolbox\" \/>\n<meta name=\"twitter:description\" content=\"El National Center for Disaster Preparedness (NCDP) en asociaci\u00f3n con Save the Children y financiado por una subvenci\u00f3n de GSK, ha desarrollado un modelo para las comunidades para la planificaci\u00f3n ante desastres enfocado en los ni\u00f1os, con un fuerte \u00e9nfasis en el desarrollo de la resiliencia a largo plazo. Este sitio web proporciona un servicio p\u00fablico a trav\u00e9s de una subvenci\u00f3n de Resilient Children\/Resilient Communitie\" \/>\n<meta name=\"twitter:site\" content=\"@columbia_ncdp\" \/>\n<meta name=\"twitter:label1\" content=\"Tiempo de lectura\" \/>\n\t<meta name=\"twitter:data1\" content=\"2 minutos\" \/>\n<script type=\"application\/ld+json\" class=\"yoast-schema-graph\">{\"@context\":\"https:\/\/schema.org\",\"@graph\":[{\"@type\":\"WebPage\",\"@id\":\"https:\/\/rcrctoolbox.org\/terms-of-use\/\",\"url\":\"https:\/\/rcrctoolbox.org\/terms-of-use\/\",\"name\":\"T\u00e9rminos de Uso | RCRC Toolbox\",\"isPartOf\":{\"@id\":\"https:\/\/rcrctoolbox.org\/#website\"},\"datePublished\":\"2018-04-26T03:30:59+00:00\",\"dateModified\":\"2019-09-22T08:14:00+00:00\",\"description\":\"El National Center for Disaster Preparedness (NCDP) en asociaci\u00f3n con Save the Children y financiado por una subvenci\u00f3n de GSK, ha desarrollado un modelo para las comunidades para la planificaci\u00f3n ante desastres enfocado en los ni\u00f1os, con un fuerte \u00e9nfasis en el desarrollo de la resiliencia a largo plazo.\",\"breadcrumb\":{\"@id\":\"https:\/\/rcrctoolbox.org\/terms-of-use\/#breadcrumb\"},\"inLanguage\":\"es\",\"potentialAction\":[{\"@type\":\"ReadAction\",\"target\":[\"https:\/\/rcrctoolbox.org\/terms-of-use\/\"]}]},{\"@type\":\"BreadcrumbList\",\"@id\":\"https:\/\/rcrctoolbox.org\/terms-of-use\/#breadcrumb\",\"itemListElement\":[{\"@type\":\"ListItem\",\"position\":1,\"name\":\"Inicio\",\"item\":\"https:\/\/rcrctoolbox.org\/es\/\"},{\"@type\":\"ListItem\",\"position\":2,\"name\":\"T\u00e9rminos de Uso\"}]},{\"@type\":\"WebSite\",\"@id\":\"https:\/\/rcrctoolbox.org\/#website\",\"url\":\"https:\/\/rcrctoolbox.org\/\",\"name\":\"RCRC Toolbox\",\"description\":\"Resilient Children \/ Resilient Communities\",\"publisher\":{\"@id\":\"https:\/\/rcrctoolbox.org\/#organization\"},\"potentialAction\":[{\"@type\":\"SearchAction\",\"target\":{\"@type\":\"EntryPoint\",\"urlTemplate\":\"https:\/\/rcrctoolbox.org\/?s={search_term_string}\"},\"query-input\":{\"@type\":\"PropertyValueSpecification\",\"valueRequired\":true,\"valueName\":\"search_term_string\"}}],\"inLanguage\":\"es\"},{\"@type\":\"Organization\",\"@id\":\"https:\/\/rcrctoolbox.org\/#organization\",\"name\":\"RCRC Toolbox\",\"url\":\"https:\/\/rcrctoolbox.org\/\",\"logo\":{\"@type\":\"ImageObject\",\"inLanguage\":\"es\",\"@id\":\"https:\/\/rcrctoolbox.org\/#\/schema\/logo\/image\/\",\"url\":\"https:\/\/rcrctoolbox.org\/wp-content\/uploads\/2018\/06\/RCRCToolboxLogo2-e1528722906772.png\",\"contentUrl\":\"https:\/\/rcrctoolbox.org\/wp-content\/uploads\/2018\/06\/RCRCToolboxLogo2-e1528722906772.png\",\"width\":260,\"height\":51,\"caption\":\"RCRC Toolbox\"},\"image\":{\"@id\":\"https:\/\/rcrctoolbox.org\/#\/schema\/logo\/image\/\"},\"sameAs\":[\"https:\/\/www.facebook.com\/ncdpcu\",\"https:\/\/x.com\/columbia_ncdp\",\"https:\/\/www.linkedin.com\/company\/national-center-for-disaster-preparedness\/\"]}]}<\/script>\n<!-- \/ Yoast SEO plugin. -->","yoast_head_json":{"title":"T\u00e9rminos de Uso | RCRC Toolbox","description":"El National Center for Disaster Preparedness (NCDP) en asociaci\u00f3n con Save the Children y financiado por una subvenci\u00f3n de GSK, ha desarrollado un modelo para las comunidades para la planificaci\u00f3n ante desastres enfocado en los ni\u00f1os, con un fuerte \u00e9nfasis en el desarrollo de la resiliencia a largo plazo.","robots":{"index":"index","follow":"follow","max-snippet":"max-snippet:-1","max-image-preview":"max-image-preview:large","max-video-preview":"max-video-preview:-1"},"canonical":"https:\/\/rcrctoolbox.org\/terms-of-use\/","og_locale":"es_ES","og_type":"article","og_title":"T\u00e9rminos de Uso | RCRC Toolbox","og_description":"El National Center for Disaster Preparedness (NCDP) en asociaci\u00f3n con Save the Children y financiado por una subvenci\u00f3n de GSK, ha desarrollado un modelo para las comunidades para la planificaci\u00f3n ante desastres enfocado en los ni\u00f1os, con un fuerte \u00e9nfasis en el desarrollo de la resiliencia a largo plazo. Este sitio web proporciona un servicio p\u00fablico a trav\u00e9s de una subvenci\u00f3n de Resilient Children\/Resilient Communitie","og_url":"https:\/\/rcrctoolbox.org\/terms-of-use\/","og_site_name":"RCRC Caja de Herramientas","article_publisher":"https:\/\/www.facebook.com\/ncdpcu","article_modified_time":"2019-09-22T08:14:00+00:00","twitter_card":"summary_large_image","twitter_title":"T\u00e9rminos de Uso | RCRC Toolbox","twitter_description":"El National Center for Disaster Preparedness (NCDP) en asociaci\u00f3n con Save the Children y financiado por una subvenci\u00f3n de GSK, ha desarrollado un modelo para las comunidades para la planificaci\u00f3n ante desastres enfocado en los ni\u00f1os, con un fuerte \u00e9nfasis en el desarrollo de la resiliencia a largo plazo. Este sitio web proporciona un servicio p\u00fablico a trav\u00e9s de una subvenci\u00f3n de Resilient Children\/Resilient Communitie","twitter_site":"@columbia_ncdp","twitter_misc":{"Tiempo de lectura":"2 minutos"},"schema":{"@context":"https:\/\/schema.org","@graph":[{"@type":"WebPage","@id":"https:\/\/rcrctoolbox.org\/terms-of-use\/","url":"https:\/\/rcrctoolbox.org\/terms-of-use\/","name":"T\u00e9rminos de Uso | RCRC Toolbox","isPartOf":{"@id":"https:\/\/rcrctoolbox.org\/#website"},"datePublished":"2018-04-26T03:30:59+00:00","dateModified":"2019-09-22T08:14:00+00:00","description":"El National Center for Disaster Preparedness (NCDP) en asociaci\u00f3n con Save the Children y financiado por una subvenci\u00f3n de GSK, ha desarrollado un modelo para las comunidades para la planificaci\u00f3n ante desastres enfocado en los ni\u00f1os, con un fuerte \u00e9nfasis en el desarrollo de la resiliencia a largo plazo.","breadcrumb":{"@id":"https:\/\/rcrctoolbox.org\/terms-of-use\/#breadcrumb"},"inLanguage":"es","potentialAction":[{"@type":"ReadAction","target":["https:\/\/rcrctoolbox.org\/terms-of-use\/"]}]},{"@type":"BreadcrumbList","@id":"https:\/\/rcrctoolbox.org\/terms-of-use\/#breadcrumb","itemListElement":[{"@type":"ListItem","position":1,"name":"Inicio","item":"https:\/\/rcrctoolbox.org\/es\/"},{"@type":"ListItem","position":2,"name":"T\u00e9rminos de Uso"}]},{"@type":"WebSite","@id":"https:\/\/rcrctoolbox.org\/#website","url":"https:\/\/rcrctoolbox.org\/","name":"RCRC Toolbox","description":"Resilient Children \/ Resilient Communities","publisher":{"@id":"https:\/\/rcrctoolbox.org\/#organization"},"potentialAction":[{"@type":"SearchAction","target":{"@type":"EntryPoint","urlTemplate":"https:\/\/rcrctoolbox.org\/?s={search_term_string}"},"query-input":{"@type":"PropertyValueSpecification","valueRequired":true,"valueName":"search_term_string"}}],"inLanguage":"es"},{"@type":"Organization","@id":"https:\/\/rcrctoolbox.org\/#organization","name":"RCRC Toolbox","url":"https:\/\/rcrctoolbox.org\/","logo":{"@type":"ImageObject","inLanguage":"es","@id":"https:\/\/rcrctoolbox.org\/#\/schema\/logo\/image\/","url":"https:\/\/rcrctoolbox.org\/wp-content\/uploads\/2018\/06\/RCRCToolboxLogo2-e1528722906772.png","contentUrl":"https:\/\/rcrctoolbox.org\/wp-content\/uploads\/2018\/06\/RCRCToolboxLogo2-e1528722906772.png","width":260,"height":51,"caption":"RCRC Toolbox"},"image":{"@id":"https:\/\/rcrctoolbox.org\/#\/schema\/logo\/image\/"},"sameAs":["https:\/\/www.facebook.com\/ncdpcu","https:\/\/x.com\/columbia_ncdp","https:\/\/www.linkedin.com\/company\/national-center-for-disaster-preparedness\/"]}]}},"_links":{"self":[{"href":"https:\/\/rcrctoolbox.org\/es\/wp-json\/wp\/v2\/pages\/1138","targetHints":{"allow":["GET"]}}],"collection":[{"href":"https:\/\/rcrctoolbox.org\/es\/wp-json\/wp\/v2\/pages"}],"about":[{"href":"https:\/\/rcrctoolbox.org\/es\/wp-json\/wp\/v2\/types\/page"}],"author":[{"embeddable":true,"href":"https:\/\/rcrctoolbox.org\/es\/wp-json\/wp\/v2\/users\/1"}],"replies":[{"embeddable":true,"href":"https:\/\/rcrctoolbox.org\/es\/wp-json\/wp\/v2\/comments?post=1138"}],"version-history":[{"count":0,"href":"https:\/\/rcrctoolbox.org\/es\/wp-json\/wp\/v2\/pages\/1138\/revisions"}],"wp:attachment":[{"href":"https:\/\/rcrctoolbox.org\/es\/wp-json\/wp\/v2\/media?parent=1138"}],"curies":[{"name":"wp","href":"https:\/\/api.w.org\/{rel}","templated":true}]}}