{"id":1411,"date":"2018-05-10T19:23:02","date_gmt":"2018-05-10T19:23:02","guid":{"rendered":"http:\/\/safekidstoolbox.org\/?page_id=1411"},"modified":"2021-04-28T15:57:44","modified_gmt":"2021-04-28T19:57:44","slug":"media","status":"publish","type":"page","link":"https:\/\/rcrctoolbox.org\/es\/media\/","title":{"rendered":"Media"},"content":{"rendered":"<h1 id=\"medios-de-comunicaci\u00f3n\">Medios de Comunicaci\u00f3n<\/h1>\n<p>Para todas las consultas sobre comunicaciones a la Iniciativa Resilient Children\/Resilient Communities, env\u00ede una solicitud detallada a los contactos de medios a continuaci\u00f3n.<\/p>\n<p><strong>Jonathan Sury<br \/>\n<\/strong><a href=\"http:\/\/ncdp.columbia.edu\/\" target=\"_blank\" rel=\"noopener noreferrer\">National Center for Disaster Preparedness (NCDP)<\/a><br \/>\nDirector de Proyecto | Comunicaciones &amp; Operaciones de Campo<br \/>\n646.845.2317<br \/>\n<a href=\"mailto:sjjs2154@columbia.edu\">jjs2154@columbia.edu<\/a><\/p>\n<p><strong>Evan Berland<\/strong><br \/>\n<a href=\"https:\/\/www.gsk.com\/\" target=\"_blank\" rel=\"noopener noreferrer\">GSK<\/a><br \/>\nDirector, US Corporate Communications, GSK<br \/>\nw\u00a0215.751.5497<br \/>\n<a href=\"mailto:evan.a.berland@gsk.com\">evan.a.berland@gsk.com<\/a><\/p>\n<hr \/>\n<h2 id=\"destaques-en-los-medios-y-even\"><strong>Destaques en los Medios y Eventos Significativos <\/strong><\/h2>\n<h3 id=\"nacional\"><strong>Nacional<\/strong><\/h3>\n<p><strong>2021<\/strong><\/p>\n<ul>\n<li>Earth Institute, Columbia University, <a href=\"https:\/\/blogs.ei.columbia.edu\/2021\/01\/25\/covid-19-relief-children\/\" target=\"_blank\" rel=\"noopener\">Future COVID-19 Relief Should Focus More on Children<\/a> &#8211; January 25, 2021<\/li>\n<\/ul>\n<p><strong>2020<\/strong><\/p>\n<ul>\n<li>Earth Institute, Columbia University, <a href=\"https:\/\/blogs.ei.columbia.edu\/2020\/08\/19\/kids-covid-19-communication-guides\/\" target=\"_blank\" rel=\"noopener noreferrer\">New Guidance for Communicating With Kids About COVID-19<\/a> &#8211; August 19, 2020<\/li>\n<li>Resilient Children Resilient Communities, Twitter, <a href=\"https:\/\/twitter.com\/columbia_ncdp\/status\/1234926613491400704\" target=\"_blank\" rel=\"noopener noreferrer\">A\u00f1o 2019 en revisi\u00f3n<\/a> &#8211; March 3, 2020<\/li>\n<li>Earth Institute, Columbia University. <a href=\"https:\/\/blogs.ei.columbia.edu\/2020\/02\/12\/pod-planet-ep-2-disasters-wont-wait\/\" target=\"_blank\" rel=\"noopener noreferrer\">Pod of the Planet Ep.2: Disasters Won&#8217;t Wait<\/a> &#8211; February 12, 2020<\/li>\n<li>RCRC PAN, <a href=\"https:\/\/rcrctoolbox.org\/toolbox\/whole-community-inclusive-webinar\/\" target=\"_blank\" rel=\"noopener noreferrer\">Peer Assistance Network. Whole Community Inclusive Emergency and Disaster Management Webinar<\/a> \u2013 January 30, 2020<\/li>\n<\/ul>\n<p><strong>2019<\/strong><\/p>\n<ul>\n<li>Natural Hazards Center, Research Counts, <a href=\"https:\/\/hazards.colorado.edu\/news\/research-counts\/special-collection\/from-the-ground-up-building-child-focused-community-resilience\" target=\"_blank\" rel=\"noopener noreferrer\">From the Ground Up: Building Child-Focused Community Resilience<\/a> \u2013 November 8, 2019<\/li>\n<li><em>The Hill<\/em>, <a href=\"https:\/\/thehill.com\/opinion\/energy-environment\/445230-deadly-extreme-weather-is-the-new-normal\" target=\"_blank\" rel=\"noopener noreferrer\">Deadly extreme weather is the new normal<\/a> &#8211; March 23, 2019<\/li>\n<li><span class=\"word animated n2-text-animated fadeInUp\">NBC News, <\/span><a href=\"https:\/\/www.nbcnews.com\/paid-content\/paid-content\/planning-recovery-some-most-vulnerable-victims-disaster-n965856\" target=\"_blank\" rel=\"noopener noreferrer\"><span class=\"word animated n2-text-animated fadeInUp\">Planning<\/span>\u00a0<span class=\"word animated n2-text-animated fadeInUp\">recovery<\/span>\u00a0<span class=\"word animated n2-text-animated fadeInUp\">for<\/span>\u00a0<span class=\"word animated n2-text-animated fadeInUp\">some<\/span>\u00a0<span class=\"word animated n2-text-animated fadeInUp\">of<\/span>\u00a0<span class=\"word animated n2-text-animated fadeInUp\">the<\/span>\u00a0<span class=\"word animated n2-text-animated fadeInUp\">most<\/span>\u00a0<span class=\"word animated n2-text-animated fadeInUp\">vulnerable<\/span>\u00a0<span class=\"word animated n2-text-animated fadeInUp\">victims<\/span>\u00a0<span class=\"word animated n2-text-animated fadeInUp\">of a disaster<\/span><\/a><span class=\"word animated n2-text-animated fadeInUp\">\u00a0&#8211; March 2019<\/span><\/li>\n<\/ul>\n<p><strong>2018<\/strong><\/p>\n<ul>\n<li><a href=\"https:\/\/youtu.be\/W16oS1ttcDY\" target=\"_blank\" rel=\"noopener noreferrer\">GSK US [Video]<\/a> &#8211; 25 Million people were affected by hurricanes across the US in just 1 year. That\u2019s why GSK works with resilience and relief partners such as NCDP and Save the Children.\u00a0 &#8211; December 2018<\/li>\n<li>RCRC Initiative Award, <a href=\"https:\/\/us.gsk.com\/en-us\/media\/press-releases\/gsk-announces-1-million-grant-to-protect-children-in-north-carolina-puerto-rico-from-disaster\/\" target=\"_blank\" rel=\"noopener noreferrer\">GSK announces a grant to protect children in North Carolina, Puerto Rico from disaster <\/a>\u2013 November 18, 2018<\/li>\n<li>US Chamber Commerce Foundation, Recognized for <a href=\"https:\/\/www.uschamberfoundation.org\/press-release\/us-chamber-foundation-announces-citizens-awards-finalists-1\" target=\"_blank\" rel=\"noopener noreferrer\">Best Disaster Response &amp; Community Resilience Program Award for the RCRC Initiative<\/a> with Save the Children, funded by GSK \u2013 November 16, 2018<\/li>\n<li>Presione soltar, <a href=\"https:\/\/rcrctoolbox.org\/wp-content\/uploads\/2019\/02\/RCRC-Toolbox-Press-Release-v7.3.pdf\" target=\"_blank\" rel=\"noopener noreferrer\">New online toolbox equips parents, communities with tools to keep children safe in disasters<\/a> \u2013 June 18, 2018<\/li>\n<li>Webinar, <a href=\"https:\/\/vimeo.com\/279149109\" target=\"_blank\" rel=\"noopener noreferrer\">RCRC Toolbox release webinar<\/a> \u2013 June 15, 2018<\/li>\n<li><a href=\"https:\/\/ncdp.columbia.edu\/microsite-page\/resilient-children-resilient-communities\/rcrc-congressional-briefing\/\" target=\"_blank\" rel=\"noopener noreferrer\">Congressional Briefing<\/a>, Washington D.C. \u2013 April 17, 2018<\/li>\n<\/ul>\n<p><strong>2017<\/strong><\/p>\n<ul>\n<li>Presentation,\u00a0<a href=\"https:\/\/www.iaem.org\/usconf\/archives\/2017\" target=\"_blank\" rel=\"noopener noreferrer\">IAEM 2017 annual meeting<\/a>\u00a0\u2013 November 11, 2017<\/li>\n<li>Award, <a href=\"https:\/\/safeamerica.org\/2017-18-worldsafe-award-winners-announced\/?no_frame=1\" target=\"_blank\" rel=\"noopener noreferrer\">Safe America Foundation award<\/a> \u2013 October 26, 2017<\/li>\n<li>Policy Briefing, Safe America Foundation \u2013 September 7, 2017<\/li>\n<li>STC Voices from the Field blog, <a href=\"http:\/\/blog.savethechildren.org\/2017\/08\/taking-the-scary-out-of-disaster-for-kids.html\" target=\"_blank\" rel=\"noopener noreferrer\">Taking the scary out of disasters for kids<\/a> \u2013 August 10, 2017<\/li>\n<li>Presentation, <a href=\"https:\/\/www.eventscribe.com\/2017\/NACCHOSummit\/agenda.asp?h=Full%20Schedule\" target=\"_blank\" rel=\"noopener noreferrer\">NACCHO Preparedness Summit<\/a>\u00a0\u2013 April 24, 2017<\/li>\n<li><em>The Hill<\/em>, <a href=\"https:\/\/thehill.com\/blogs\/pundits-blog\/uncategorized\/325470-think-of-the-children-when-disasters-strike\" target=\"_blank\" rel=\"noopener noreferrer\">Think of the children when disasters strike<\/a> \u2013 March 25, 2017<\/li>\n<\/ul>\n<p><strong>2016<\/strong><\/p>\n<ul>\n<li><em>The Hill<\/em>, <a href=\"https:\/\/thehill.com\/blogs\/congress-blog\/homeland-security\/304607-resilient-children-resilient-communities-a-roadmap-for\" target=\"_blank\" rel=\"noopener noreferrer\">Resilient children\/resilient communities\u201d A roadmap for national disaster resilience<\/a>\u00a0\u2013 November 7, 2016<\/li>\n<li>National Voluntary Organizations Active in Disaster (VOAD) conference \u2013 May 16, 2016<\/li>\n<li>FEMA, National Strategy for Youth Preparedness Meeting \u2013 February 29, 2016<\/li>\n<li>NCDP, <a href=\"https:\/\/rcrctoolbox.org\/toolbox\/children-disasters-webinar\/\" target=\"_blank\" rel=\"noopener noreferrer\">National opinion survey data webinar<\/a> \u2013 February 9, 2016<\/li>\n<li>NCDP, <a href=\"https:\/\/rcrctoolbox.org\/toolbox\/children-in-disasters-do-americans-feel-prepared\/\" target=\"_blank\" rel=\"noopener noreferrer\">Children in disasters: Do Americans feel prepared?<\/a> \u2013 February 2016<\/li>\n<\/ul>\n<p><strong>2015<\/strong><\/p>\n<ul>\n<li>Presione soltar, <a href=\"https:\/\/ncdp.columbia.edu\/custom-content\/uploads\/2015\/06\/FINAL-RCRC-Press-Release-IMMEDIATE_FINAL.pdf\" target=\"_blank\" rel=\"noopener noreferrer\">Partnership to help communities protect and care for children impacted by disasters<\/a>\u00a0\u2013 June 11, 2015<\/li>\n<\/ul>\n<hr \/>\n<h3 id=\"local\"><strong>Local<\/strong><\/h3>\n<p><strong>2021<\/strong><\/p>\n<ul>\n<li>Columbia Climate School, State of the Planet, <a href=\"https:\/\/news.climate.columbia.edu\/2021\/04\/26\/putting-children-at-the-forefront-of-disaster-policy\/\" target=\"_blank\" rel=\"noopener\">Putting Children at the Forefront of Disaster Policy<\/a> &#8211; April 26, 2021<\/li>\n<li>Columbia Climate School, State of the Planet,\u00a0<a href=\"https:\/\/news.climate.columbia.edu\/2021\/04\/26\/priorizando-a-los-ninos-en-la-politica-publica-en-desastres\/\" target=\"_blank\" rel=\"noopener\">Priorizando a los Ni\u00f1os en la Pol\u00edtica P\u00fablica en Desastres<\/a> &#8211; April 26, 2021<\/li>\n<li>Earth Institute, Columbia University, <a href=\"https:\/\/blogs.ei.columbia.edu\/2021\/01\/25\/covid-19-relief-children\/\" target=\"_blank\" rel=\"noopener\">Future COVID-19 Relief Should Focus More on Children<\/a> &#8211; January 25, 2021<\/li>\n<\/ul>\n<p><strong>2020<\/strong><\/p>\n<ul>\n<li>Off Script with Trish Glose, <a href=\"https:\/\/youtu.be\/6RnOQr1ZRHI\" target=\"_blank\" rel=\"noopener noreferrer\">Episode 114: Disaster Preparedness, What\u2019s Next, Making a Rebuilding Plan<\/a> &#8211; September 16, 2020<\/li>\n<li>The Highlands, <a href=\"https:\/\/highlandscurrent.org\/2020\/05\/31\/confirmed-covid-19-cases-grow\/\" target=\"_blank\" rel=\"noopener noreferrer\">Latest Coronavirus Updates, Children of Putnam and COVID-19 Webinar<\/a> &#8211; May 31, 2020<\/li>\n<li>The Patch, <a href=\"https:\/\/patch.com\/new-york\/southeast\/helping-children-through-pandemic-putnam-experts\" target=\"_blank\" rel=\"noopener noreferrer\">Helping Children Through Pandemic: Putnam Experts<\/a> &#8211; May 7, 2020<\/li>\n<li>Hamlet Hub, <a href=\"https:\/\/news.hamlethub.com\/carmel\/publicsafety\/4171-child-advocates-offer-advice-about-protecting-children-in-covid-19-crisis\" target=\"_blank\" rel=\"noopener noreferrer\">Child Advocates Offer Advice about Protecting Children in COVID-19 Crisis<\/a> &#8211; May 5, 2020<\/li>\n<li>Encore, Film: Understanding Trauma: NHC Resiliency Task Force offers virtual screenings of informative documentary &#8211; April 21, 2020<\/li>\n<li>U.S. Chamber of Commerce Foundation, Voices of the <a href=\"https:\/\/twitter.com\/columbia_ncdp\/status\/1225232757867139073\" target=\"_blank\" rel=\"noopener noreferrer\">RCRC Community Resilience Coalition<\/a> in <a tabindex=\"0\">Humacao, Puerto Rico &#8211; February 6, 2020<\/a><\/li>\n<\/ul>\n<p><strong>2019<\/strong><\/p>\n<ul>\n<li>WMBF News, <a href=\"https:\/\/www.wmbfnews.com\/video\/2019\/11\/08\/robeson-county-leaders-focus-program-protect-children-during-natural-disasters\/\" target=\"_blank\" rel=\"noopener noreferrer\">Robeson County leaders focus on program to protect children during natural disasters<\/a> &#8211; November 8, 2019<\/li>\n<li><em>Visi\u00f3n<\/em>, <a href=\"https:\/\/issuu.com\/periodicovision\/docs\/periodico_vision_e-1519\" target=\"_blank\" rel=\"noopener noreferrer\">Recuperaci\u00f3n de las communidades luego de un desastre<\/a> &#8211; October 24, 2019<\/li>\n<li>Presione soltar, Organizan Talleres Para Planes De Preparaci\u00f3n Ante Desastres, Enfocados En Las Necesidades De La Ni\u00f1ez [<a href=\"https:\/\/rcrctoolbox.org\/wp-content\/uploads\/2019\/10\/Comunicado_Talleres_MayaguezHumacao.pdf\" target=\"_blank\" rel=\"noopener noreferrer\">Espa\u00f1ol<\/a> y <a href=\"https:\/\/rcrctoolbox.org\/wp-content\/uploads\/2019\/10\/PR-Action-Planning-Workshops-Press-Release_FINAL_ENG.pdf\" target=\"_blank\" rel=\"noopener noreferrer\">Ingl\u00e9s<\/a>] &#8211; October 15, 2019<\/li>\n<li>WECT News 6, <a href=\"http:\/\/www.wect.com\/2019\/04\/04\/new-hanover-county-hosts-workshop-focused-needs-children-disasters\/\" target=\"_blank\" rel=\"noopener noreferrer\">New Hanover County hosts workshop focused on needs of children in disasters<\/a>\u00a0\u2013 April 4, 2019<\/li>\n<li>Press Release, <a href=\"http:\/\/bit.ly\/2UgTXw1\" target=\"_blank\" rel=\"noopener noreferrer\">New Hanover County hosts action planning workshop focused on needs of children in disasters<\/a> &#8211; April 4, 2019<\/li>\n<\/ul>\n<p><strong>2018<\/strong><\/p>\n<ul>\n<li>AEMA Washington County Emergency Management Award \u2013 September 6, 2018<\/li>\n<\/ul>\n<p><strong>2017<\/strong><\/p>\n<ul>\n<li>Putnam County Resilience Symposium \u2013 October 24, 2017<\/li>\n<li><em>Peekaboonwa Family Magazine<\/em>, Northwest Arkansas, <a href=\"http:\/\/www.peekaboonwa.com\/childcare-aware\/\" target=\"_blank\" rel=\"noopener noreferrer\">Childcare Aware<\/a> \u2013 August 31, 2017<\/li>\n<li><a href=\"https:\/\/www.putnamcountyny.com\/wordpress\/wp-content\/uploads\/2018\/04\/CRC-Progess-Report-Aug-2017.pdf\" target=\"_blank\" rel=\"noopener noreferrer\">Putnam County Community Resilience Coalition Progress Report<\/a> \u2013 August 2017<\/li>\n<li>Washington County Functional Exercise \u2013 May 8, 2017 (See Twitter videos for link)<\/li>\n<li><em>Putnam Daily Voice<\/em>, <a href=\"https:\/\/dailyvoice.com\/new-york\/putnam\/lifestyle\/emergency-responders-converge-at-putnam-disaster-exercise\/709714\/\" target=\"_blank\" rel=\"noopener noreferrer\">Emergency responders converge at Putnam Disaster Exercise<\/a> \u2013 May 6, 2017<\/li>\n<li><em>Putnam County Online<\/em>, Disaster exercise to safeguard children conducted by Putnam County; Health Department, <a href=\"https:\/\/www.putnamcountyny.com\/disaster-exercise-safeguard-children-conducted-putnam-county-health-department-emergency-services-community-organizations-rehearse-serve-needs-youngest-residents\/\" target=\"_blank\" rel=\"noopener noreferrer\">Emergency Services and community organizations rehearse how to serve the needs of youngest residents<\/a> \u2013 May 4, 2017<\/li>\n<li>Washington County CRC Communications Workshop \u2013 May 1, 2017<\/li>\n<li><a href=\"https:\/\/rcrctoolbox.org\/wp-content\/uploads\/2020\/01\/2017_Policy_Summit_CCA.pdf\" target=\"_blank\" rel=\"noopener noreferrer\">Child Care Aware Policy Summit<\/a>, Washington, DC \u2013 April 1, 2017<\/li>\n<\/ul>\n<p><strong>2016<\/strong><\/p>\n<ul>\n<li>NWA News, <a href=\"https:\/\/www.nwahomepage.com\/news\/disaster-training-in-washington-county\/609425165\" target=\"_blank\" rel=\"noopener noreferrer\">Disaster training in Washington County<\/a> \u2013 November 16, 2016<\/li>\n<li>Washington County Tabletop Exercise \u2013 November 15, 2016<\/li>\n<li>Mount Sinai School of Medicine \u2013 Child Health Working Group \u2013 November 1, 2016<\/li>\n<li>Northwest Arkansas Naturals Baseball Game \u2013 September 1, 2016<\/li>\n<li>Child Care Aware of NWA, <a href=\"https:\/\/www.nwachildcare.org\/resilient-children-resilient-communities.html\" target=\"_blank\" rel=\"noopener noreferrer\">Keeping Washington County\u2019s Children Safe<\/a> \u2013 2016<\/li>\n<\/ul>\n","protected":false},"excerpt":{"rendered":"<p>Medios de Comunicaci\u00f3n Para todas las consultas sobre comunicaciones a la Iniciativa Resilient Children\/Resilient Communities, env\u00ede una solicitud detallada a los contactos de medios a continuaci\u00f3n. Jonathan Sury National Center for Disaster Preparedness (NCDP) Director de Proyecto | Comunicaciones &amp; Operaciones de Campo 646.845.2317 jjs2154@columbia.edu&#8230;<\/p>\n","protected":false},"author":1,"featured_media":0,"parent":0,"menu_order":0,"comment_status":"closed","ping_status":"closed","template":"","meta":{"_acf_changed":false,"_monsterinsights_skip_tracking":false,"_monsterinsights_sitenote_active":false,"_monsterinsights_sitenote_note":"","_monsterinsights_sitenote_category":0,"footnotes":""},"class_list":["post-1411","page","type-page","status-publish","hentry"],"acf":[],"yoast_head":"<!-- This site is optimized with the Yoast SEO plugin v26.2 - https:\/\/yoast.com\/wordpress\/plugins\/seo\/ -->\n<title>Media Highlights | RCRC Toolbox<\/title>\n<meta name=\"description\" content=\"Media highlights and significant events for the Resilient Children\/Resilient Communities Initiative.\" \/>\n<meta name=\"robots\" content=\"index, follow, max-snippet:-1, max-image-preview:large, max-video-preview:-1\" \/>\n<link rel=\"canonical\" href=\"https:\/\/rcrctoolbox.org\/media\/\" \/>\n<meta property=\"og:locale\" content=\"es_ES\" \/>\n<meta property=\"og:type\" content=\"article\" \/>\n<meta property=\"og:title\" content=\"Medios de Comunicaci\u00f3n | RCRC Toolbox\" \/>\n<meta property=\"og:description\" content=\"Para todas las consultas sobre comunicaciones a la Iniciativa Resilient Children\/Resilient Communities, env\u00ede una solicitud detallada a los contactos de medios a continuaci\u00f3n.\" \/>\n<meta property=\"og:url\" content=\"https:\/\/rcrctoolbox.org\/media\/\" \/>\n<meta property=\"og:site_name\" content=\"RCRC Caja de Herramientas\" \/>\n<meta property=\"article:publisher\" content=\"https:\/\/www.facebook.com\/ncdpcu\" \/>\n<meta property=\"article:modified_time\" content=\"2021-04-28T19:57:44+00:00\" \/>\n<meta name=\"twitter:card\" content=\"summary_large_image\" \/>\n<meta name=\"twitter:title\" content=\"Medios de Comunicaci\u00f3n | RCRC Toolbox\" \/>\n<meta name=\"twitter:description\" content=\"Para todas las consultas sobre comunicaciones a la Iniciativa Resilient Children\/Resilient Communities, env\u00ede una solicitud detallada a los contactos de medios a continuaci\u00f3n.\" \/>\n<meta name=\"twitter:site\" content=\"@columbia_ncdp\" \/>\n<meta name=\"twitter:label1\" content=\"Tiempo de lectura\" \/>\n\t<meta name=\"twitter:data1\" content=\"4 minutos\" \/>\n<script type=\"application\/ld+json\" class=\"yoast-schema-graph\">{\"@context\":\"https:\/\/schema.org\",\"@graph\":[{\"@type\":\"WebPage\",\"@id\":\"https:\/\/rcrctoolbox.org\/media\/\",\"url\":\"https:\/\/rcrctoolbox.org\/media\/\",\"name\":\"Media Highlights | RCRC Toolbox\",\"isPartOf\":{\"@id\":\"https:\/\/rcrctoolbox.org\/#website\"},\"datePublished\":\"2018-05-10T19:23:02+00:00\",\"dateModified\":\"2021-04-28T19:57:44+00:00\",\"description\":\"Media highlights and significant events for the Resilient Children\/Resilient Communities Initiative.\",\"breadcrumb\":{\"@id\":\"https:\/\/rcrctoolbox.org\/media\/#breadcrumb\"},\"inLanguage\":\"es\",\"potentialAction\":[{\"@type\":\"ReadAction\",\"target\":[\"https:\/\/rcrctoolbox.org\/media\/\"]}]},{\"@type\":\"BreadcrumbList\",\"@id\":\"https:\/\/rcrctoolbox.org\/media\/#breadcrumb\",\"itemListElement\":[{\"@type\":\"ListItem\",\"position\":1,\"name\":\"Inicio\",\"item\":\"https:\/\/rcrctoolbox.org\/es\/\"},{\"@type\":\"ListItem\",\"position\":2,\"name\":\"Media\"}]},{\"@type\":\"WebSite\",\"@id\":\"https:\/\/rcrctoolbox.org\/#website\",\"url\":\"https:\/\/rcrctoolbox.org\/\",\"name\":\"RCRC Toolbox\",\"description\":\"Resilient Children \/ Resilient Communities\",\"publisher\":{\"@id\":\"https:\/\/rcrctoolbox.org\/#organization\"},\"potentialAction\":[{\"@type\":\"SearchAction\",\"target\":{\"@type\":\"EntryPoint\",\"urlTemplate\":\"https:\/\/rcrctoolbox.org\/?s={search_term_string}\"},\"query-input\":{\"@type\":\"PropertyValueSpecification\",\"valueRequired\":true,\"valueName\":\"search_term_string\"}}],\"inLanguage\":\"es\"},{\"@type\":\"Organization\",\"@id\":\"https:\/\/rcrctoolbox.org\/#organization\",\"name\":\"RCRC Toolbox\",\"url\":\"https:\/\/rcrctoolbox.org\/\",\"logo\":{\"@type\":\"ImageObject\",\"inLanguage\":\"es\",\"@id\":\"https:\/\/rcrctoolbox.org\/#\/schema\/logo\/image\/\",\"url\":\"https:\/\/rcrctoolbox.org\/wp-content\/uploads\/2018\/06\/RCRCToolboxLogo2-e1528722906772.png\",\"contentUrl\":\"https:\/\/rcrctoolbox.org\/wp-content\/uploads\/2018\/06\/RCRCToolboxLogo2-e1528722906772.png\",\"width\":260,\"height\":51,\"caption\":\"RCRC Toolbox\"},\"image\":{\"@id\":\"https:\/\/rcrctoolbox.org\/#\/schema\/logo\/image\/\"},\"sameAs\":[\"https:\/\/www.facebook.com\/ncdpcu\",\"https:\/\/x.com\/columbia_ncdp\",\"https:\/\/www.linkedin.com\/company\/national-center-for-disaster-preparedness\/\"]}]}<\/script>\n<!-- \/ Yoast SEO plugin. -->","yoast_head_json":{"title":"Media Highlights | RCRC Toolbox","description":"Media highlights and significant events for the Resilient Children\/Resilient Communities Initiative.","robots":{"index":"index","follow":"follow","max-snippet":"max-snippet:-1","max-image-preview":"max-image-preview:large","max-video-preview":"max-video-preview:-1"},"canonical":"https:\/\/rcrctoolbox.org\/media\/","og_locale":"es_ES","og_type":"article","og_title":"Medios de Comunicaci\u00f3n | RCRC Toolbox","og_description":"Para todas las consultas sobre comunicaciones a la Iniciativa Resilient Children\/Resilient Communities, env\u00ede una solicitud detallada a los contactos de medios a continuaci\u00f3n.","og_url":"https:\/\/rcrctoolbox.org\/media\/","og_site_name":"RCRC Caja de Herramientas","article_publisher":"https:\/\/www.facebook.com\/ncdpcu","article_modified_time":"2021-04-28T19:57:44+00:00","twitter_card":"summary_large_image","twitter_title":"Medios de Comunicaci\u00f3n | RCRC Toolbox","twitter_description":"Para todas las consultas sobre comunicaciones a la Iniciativa Resilient Children\/Resilient Communities, env\u00ede una solicitud detallada a los contactos de medios a continuaci\u00f3n.","twitter_site":"@columbia_ncdp","twitter_misc":{"Tiempo de lectura":"4 minutos"},"schema":{"@context":"https:\/\/schema.org","@graph":[{"@type":"WebPage","@id":"https:\/\/rcrctoolbox.org\/media\/","url":"https:\/\/rcrctoolbox.org\/media\/","name":"Media Highlights | RCRC Toolbox","isPartOf":{"@id":"https:\/\/rcrctoolbox.org\/#website"},"datePublished":"2018-05-10T19:23:02+00:00","dateModified":"2021-04-28T19:57:44+00:00","description":"Media highlights and significant events for the Resilient Children\/Resilient Communities Initiative.","breadcrumb":{"@id":"https:\/\/rcrctoolbox.org\/media\/#breadcrumb"},"inLanguage":"es","potentialAction":[{"@type":"ReadAction","target":["https:\/\/rcrctoolbox.org\/media\/"]}]},{"@type":"BreadcrumbList","@id":"https:\/\/rcrctoolbox.org\/media\/#breadcrumb","itemListElement":[{"@type":"ListItem","position":1,"name":"Inicio","item":"https:\/\/rcrctoolbox.org\/es\/"},{"@type":"ListItem","position":2,"name":"Media"}]},{"@type":"WebSite","@id":"https:\/\/rcrctoolbox.org\/#website","url":"https:\/\/rcrctoolbox.org\/","name":"RCRC Toolbox","description":"Resilient Children \/ Resilient Communities","publisher":{"@id":"https:\/\/rcrctoolbox.org\/#organization"},"potentialAction":[{"@type":"SearchAction","target":{"@type":"EntryPoint","urlTemplate":"https:\/\/rcrctoolbox.org\/?s={search_term_string}"},"query-input":{"@type":"PropertyValueSpecification","valueRequired":true,"valueName":"search_term_string"}}],"inLanguage":"es"},{"@type":"Organization","@id":"https:\/\/rcrctoolbox.org\/#organization","name":"RCRC Toolbox","url":"https:\/\/rcrctoolbox.org\/","logo":{"@type":"ImageObject","inLanguage":"es","@id":"https:\/\/rcrctoolbox.org\/#\/schema\/logo\/image\/","url":"https:\/\/rcrctoolbox.org\/wp-content\/uploads\/2018\/06\/RCRCToolboxLogo2-e1528722906772.png","contentUrl":"https:\/\/rcrctoolbox.org\/wp-content\/uploads\/2018\/06\/RCRCToolboxLogo2-e1528722906772.png","width":260,"height":51,"caption":"RCRC Toolbox"},"image":{"@id":"https:\/\/rcrctoolbox.org\/#\/schema\/logo\/image\/"},"sameAs":["https:\/\/www.facebook.com\/ncdpcu","https:\/\/x.com\/columbia_ncdp","https:\/\/www.linkedin.com\/company\/national-center-for-disaster-preparedness\/"]}]}},"_links":{"self":[{"href":"https:\/\/rcrctoolbox.org\/es\/wp-json\/wp\/v2\/pages\/1411","targetHints":{"allow":["GET"]}}],"collection":[{"href":"https:\/\/rcrctoolbox.org\/es\/wp-json\/wp\/v2\/pages"}],"about":[{"href":"https:\/\/rcrctoolbox.org\/es\/wp-json\/wp\/v2\/types\/page"}],"author":[{"embeddable":true,"href":"https:\/\/rcrctoolbox.org\/es\/wp-json\/wp\/v2\/users\/1"}],"replies":[{"embeddable":true,"href":"https:\/\/rcrctoolbox.org\/es\/wp-json\/wp\/v2\/comments?post=1411"}],"version-history":[{"count":0,"href":"https:\/\/rcrctoolbox.org\/es\/wp-json\/wp\/v2\/pages\/1411\/revisions"}],"wp:attachment":[{"href":"https:\/\/rcrctoolbox.org\/es\/wp-json\/wp\/v2\/media?parent=1411"}],"curies":[{"name":"wp","href":"https:\/\/api.w.org\/{rel}","templated":true}]}}