{"id":2437,"date":"2019-09-11T15:45:11","date_gmt":"2019-09-11T19:45:11","guid":{"rendered":"https:\/\/rcrctoolbox.org\/?page_id=2437"},"modified":"2019-09-17T12:38:51","modified_gmt":"2019-09-17T16:38:51","slug":"about-us","status":"publish","type":"page","link":"https:\/\/rcrctoolbox.org\/es\/about-us\/","title":{"rendered":"Sobre Nosotros"},"content":{"rendered":"<p>[vc_row][vc_column][vc_column_text]<\/p>\n<h1>Sobre Nosotros<\/h1>\n<p>Muchas comunidades, sistemas e instituciones que atienden a ni\u00f1os no est\u00e1n lo suficientemente preparados para satisfacer las necesidades de estos cuando ocurre una crisis. La resiliencia y la capacidad de una comunidad para recuperarse de una crisis se puede medir por su capacidad para cuidar a sus ni\u00f1os, que son una de las poblaciones m\u00e1s vulnerables en una emergencia. En t\u00e9rminos m\u00e1s simples, una cadena es tan fuerte como su eslab\u00f3n m\u00e1s d\u00e9bil. Necesitamos afinar y fortalecer los \u00abenlaces\u00bb que sirven a los ni\u00f1os, permitiendo as\u00ed que las familias y las comunidades reduzcan el impacto duradero de los desastres.<\/p>\n<p>La Iniciativa Resilient Children\/Resilient Communities (RCRC) est\u00e1 financiada por una subvenci\u00f3n de GSK y est\u00e1 dirigida por el National Center for Disaster Preparedness. Lanzada en 2015 en asociaci\u00f3n con Save the Children, la Fase I de la Iniciativa RCRC reuni\u00f3 a las partes locales en dos comunidades piloto en Nueva York y Arkansas para crear planes de emergencia que satisfagan las necesidades sustanciales de los ni\u00f1os durante desastres. Tambi\u00e9n estableci\u00f3 un panel nacional de expertos para vincular el trabajo comunitario con las prioridades de preparaci\u00f3n de las comunidades en todo Estados Unidos. A partir de 2019, la Fase II tuvo una expansi\u00f3n de la Iniciativa RCRC a las comunidades afectadas por huracanes en Carolina del Norte y Puerto Rico. Esta fase del proyecto ampli\u00f3 el panel nacional de expertos y comenz\u00f3 el desarrollo de una red de asesor\u00eda entre pares para profesionales que trabajan en la intersecci\u00f3n de desastres y ni\u00f1os. La Caja de Herramientas de RCRC es producto de los resultados y las asociaciones comunitarias de ambas fases de la Iniciativa RCRC. Obtenga m\u00e1s informaci\u00f3n sobre la Iniciativa RCRC visitando la p\u00e1gina principal del proyecto <a href=\"https:\/\/ncdp.columbia.edu\/rcrc\" target=\"_blank\" rel=\"noopener noreferrer\">https:\/\/ncdp.columbia.edu\/rcrc<\/a>.<\/p>\n<p>[\/vc_column_text][\/vc_column][\/vc_row][vc_row][vc_column][vc_column_text]<\/p>\n<h2><strong>Sobre NCDP<\/strong><\/h2>\n<p>El National Center for Disaster Preparedness (NCDP) del Earth Institute, trabaja para comprender y mejorar la capacidad de la naci\u00f3n para prepararse, responder y recuperarse de los desastres. NCDP se enfoca en la preparaci\u00f3n de los sistemas gubernamentales y no gubernamentales; las complejidades de la recuperaci\u00f3n de la poblaci\u00f3n; el poder del compromiso comunitario; y los riesgos de vulnerabilidad humana, con un enfoque particular en los ni\u00f1os. Para m\u00e1s informaci\u00f3n, por favor visite <a href=\"https:\/\/ncdp.columbia.edu\/\" target=\"_blank\" rel=\"noopener noreferrer\">https:\/\/ncdp.columbia.edu<\/a>.<\/p>\n<h2><strong>Sobre Save the Children<\/strong><\/h2>\n<p>Save the Children invierte en la ni\u00f1ez, todos los d\u00edas, en tiempos de crisis y para nuestro futuro. En los Estados Unidos y en todo el mundo, estamos dedicados a garantizar que cada ni\u00f1o tenga la mejor oportunidad de \u00e9xito. Nuestros programas pioneros brindan a los ni\u00f1os un comienzo saludable, la oportunidad de aprender y protecci\u00f3n contra da\u00f1os. Nuestros esfuerzos de abogac\u00eda dan una voz a los ni\u00f1os que no pueden hablar por s\u00ed mismos. Como expertos l\u00edderes en ni\u00f1os, buscamos inspirar y lograr un impacto duradero para millones de las ni\u00f1as y ni\u00f1os m\u00e1s vulnerables del mundo. Al transformar la vida de los ni\u00f1os ahora, cambiamos el curso de su futuro y el nuestro. Obtenga m\u00e1s informaci\u00f3n sobre la iniciativa de preparaci\u00f3n <em>Get Ready Get Safe<\/em> en\u00a0<a href=\"http:\/\/www.savethechildren.org\/GetReady\" target=\"_blank\" rel=\"noopener noreferrer\">http:\/\/www.savethechildren.org\/GetReady<\/a>.<\/p>\n<h2><strong>Sobre GSK<\/strong><\/h2>\n<p>GSK, una de las compa\u00f1\u00edas farmac\u00e9uticas y de atenci\u00f3n m\u00e9dica l\u00edderes en el mundo, basada en la investigaci\u00f3n, se compromete a mejorar la calidad de vida humana al permitir que las personas hagan m\u00e1s, se sientan mejor y vivan m\u00e1s tiempo. Para m\u00e1s informaci\u00f3n, visite\u00a0<a href=\"http:\/\/us.gsk.com\/\" target=\"_blank\" rel=\"noopener noreferrer\">us.gsk.com<\/a>, s\u00edganos en <a href=\"https:\/\/twitter.com\/GSKUS\" target=\"_blank\" rel=\"noopener noreferrer\">twitter.com\/GSKUS<\/a> o visite el <a href=\"http:\/\/www.morethanmedicine.us.gsk.com\/blog\/\" target=\"_blank\" rel=\"noopener noreferrer\">blog<\/a> (<a href=\"http:\/\/www.morethanmedicine.us.gsk.com\/blog\/\" target=\"_blank\" rel=\"noopener noreferrer\">www.morethanmedicine.us.gsk.com\/blog\/<\/a>).[\/vc_column_text][\/vc_column][\/vc_row]<\/p>\n","protected":false},"excerpt":{"rendered":"<p>[vc_row][vc_column][vc_column_text] Sobre Nosotros Muchas comunidades, sistemas e instituciones que atienden a ni\u00f1os no est\u00e1n lo suficientemente preparados para satisfacer las necesidades de estos cuando ocurre una crisis. La resiliencia y la capacidad de una comunidad para recuperarse de una crisis se puede medir por su&#8230;<\/p>\n","protected":false},"author":1,"featured_media":0,"parent":0,"menu_order":0,"comment_status":"closed","ping_status":"closed","template":"","meta":{"_acf_changed":false,"_monsterinsights_skip_tracking":false,"_monsterinsights_sitenote_active":false,"_monsterinsights_sitenote_note":"","_monsterinsights_sitenote_category":0,"footnotes":""},"class_list":["post-2437","page","type-page","status-publish","hentry"],"acf":[],"yoast_head":"<!-- This site is optimized with the Yoast SEO plugin v26.2 - https:\/\/yoast.com\/wordpress\/plugins\/seo\/ -->\n<title>Sobre Nosotros - RCRC Caja de Herramientas<\/title>\n<meta name=\"robots\" content=\"index, follow, max-snippet:-1, max-image-preview:large, max-video-preview:-1\" \/>\n<link rel=\"canonical\" href=\"https:\/\/rcrctoolbox.org\/about-us\/\" \/>\n<meta property=\"og:locale\" content=\"es_ES\" \/>\n<meta property=\"og:type\" content=\"article\" \/>\n<meta property=\"og:title\" content=\"Sobre Nosotros | RCRC Toolbox\" \/>\n<meta property=\"og:description\" content=\"Muchas comunidades, sistemas e instituciones que atienden a ni\u00f1os no est\u00e1n lo suficientemente preparados para satisfacer las necesidades de estos cuando ocurre una crisis.\" \/>\n<meta property=\"og:url\" content=\"https:\/\/rcrctoolbox.org\/about-us\/\" \/>\n<meta property=\"og:site_name\" content=\"RCRC Caja de Herramientas\" \/>\n<meta property=\"article:publisher\" content=\"https:\/\/www.facebook.com\/ncdpcu\" \/>\n<meta property=\"article:modified_time\" content=\"2019-09-17T16:38:51+00:00\" \/>\n<meta name=\"twitter:card\" content=\"summary_large_image\" \/>\n<meta name=\"twitter:title\" content=\"Sobre Nosotros | RCRC Toolbox\" \/>\n<meta name=\"twitter:description\" content=\"Muchas comunidades, sistemas e instituciones que atienden a ni\u00f1os no est\u00e1n lo suficientemente preparados para satisfacer las necesidades de estos cuando ocurre una crisis.\" \/>\n<meta name=\"twitter:site\" content=\"@columbia_ncdp\" \/>\n<meta name=\"twitter:label1\" content=\"Tiempo de lectura\" \/>\n\t<meta name=\"twitter:data1\" content=\"3 minutos\" \/>\n<script type=\"application\/ld+json\" class=\"yoast-schema-graph\">{\"@context\":\"https:\/\/schema.org\",\"@graph\":[{\"@type\":\"WebPage\",\"@id\":\"https:\/\/rcrctoolbox.org\/about-us\/\",\"url\":\"https:\/\/rcrctoolbox.org\/about-us\/\",\"name\":\"Sobre Nosotros - RCRC Caja de Herramientas\",\"isPartOf\":{\"@id\":\"https:\/\/rcrctoolbox.org\/#website\"},\"datePublished\":\"2019-09-11T19:45:11+00:00\",\"dateModified\":\"2019-09-17T16:38:51+00:00\",\"breadcrumb\":{\"@id\":\"https:\/\/rcrctoolbox.org\/about-us\/#breadcrumb\"},\"inLanguage\":\"es\",\"potentialAction\":[{\"@type\":\"ReadAction\",\"target\":[\"https:\/\/rcrctoolbox.org\/about-us\/\"]}]},{\"@type\":\"BreadcrumbList\",\"@id\":\"https:\/\/rcrctoolbox.org\/about-us\/#breadcrumb\",\"itemListElement\":[{\"@type\":\"ListItem\",\"position\":1,\"name\":\"Inicio\",\"item\":\"https:\/\/rcrctoolbox.org\/es\/\"},{\"@type\":\"ListItem\",\"position\":2,\"name\":\"Sobre Nosotros\"}]},{\"@type\":\"WebSite\",\"@id\":\"https:\/\/rcrctoolbox.org\/#website\",\"url\":\"https:\/\/rcrctoolbox.org\/\",\"name\":\"RCRC Toolbox\",\"description\":\"Resilient Children \/ Resilient Communities\",\"publisher\":{\"@id\":\"https:\/\/rcrctoolbox.org\/#organization\"},\"potentialAction\":[{\"@type\":\"SearchAction\",\"target\":{\"@type\":\"EntryPoint\",\"urlTemplate\":\"https:\/\/rcrctoolbox.org\/?s={search_term_string}\"},\"query-input\":{\"@type\":\"PropertyValueSpecification\",\"valueRequired\":true,\"valueName\":\"search_term_string\"}}],\"inLanguage\":\"es\"},{\"@type\":\"Organization\",\"@id\":\"https:\/\/rcrctoolbox.org\/#organization\",\"name\":\"RCRC Toolbox\",\"url\":\"https:\/\/rcrctoolbox.org\/\",\"logo\":{\"@type\":\"ImageObject\",\"inLanguage\":\"es\",\"@id\":\"https:\/\/rcrctoolbox.org\/#\/schema\/logo\/image\/\",\"url\":\"https:\/\/rcrctoolbox.org\/wp-content\/uploads\/2018\/06\/RCRCToolboxLogo2-e1528722906772.png\",\"contentUrl\":\"https:\/\/rcrctoolbox.org\/wp-content\/uploads\/2018\/06\/RCRCToolboxLogo2-e1528722906772.png\",\"width\":260,\"height\":51,\"caption\":\"RCRC Toolbox\"},\"image\":{\"@id\":\"https:\/\/rcrctoolbox.org\/#\/schema\/logo\/image\/\"},\"sameAs\":[\"https:\/\/www.facebook.com\/ncdpcu\",\"https:\/\/x.com\/columbia_ncdp\",\"https:\/\/www.linkedin.com\/company\/national-center-for-disaster-preparedness\/\"]}]}<\/script>\n<!-- \/ Yoast SEO plugin. -->","yoast_head_json":{"title":"Sobre Nosotros - RCRC Caja de Herramientas","robots":{"index":"index","follow":"follow","max-snippet":"max-snippet:-1","max-image-preview":"max-image-preview:large","max-video-preview":"max-video-preview:-1"},"canonical":"https:\/\/rcrctoolbox.org\/about-us\/","og_locale":"es_ES","og_type":"article","og_title":"Sobre Nosotros | RCRC Toolbox","og_description":"Muchas comunidades, sistemas e instituciones que atienden a ni\u00f1os no est\u00e1n lo suficientemente preparados para satisfacer las necesidades de estos cuando ocurre una crisis.","og_url":"https:\/\/rcrctoolbox.org\/about-us\/","og_site_name":"RCRC Caja de Herramientas","article_publisher":"https:\/\/www.facebook.com\/ncdpcu","article_modified_time":"2019-09-17T16:38:51+00:00","twitter_card":"summary_large_image","twitter_title":"Sobre Nosotros | RCRC Toolbox","twitter_description":"Muchas comunidades, sistemas e instituciones que atienden a ni\u00f1os no est\u00e1n lo suficientemente preparados para satisfacer las necesidades de estos cuando ocurre una crisis.","twitter_site":"@columbia_ncdp","twitter_misc":{"Tiempo de lectura":"3 minutos"},"schema":{"@context":"https:\/\/schema.org","@graph":[{"@type":"WebPage","@id":"https:\/\/rcrctoolbox.org\/about-us\/","url":"https:\/\/rcrctoolbox.org\/about-us\/","name":"Sobre Nosotros - RCRC Caja de Herramientas","isPartOf":{"@id":"https:\/\/rcrctoolbox.org\/#website"},"datePublished":"2019-09-11T19:45:11+00:00","dateModified":"2019-09-17T16:38:51+00:00","breadcrumb":{"@id":"https:\/\/rcrctoolbox.org\/about-us\/#breadcrumb"},"inLanguage":"es","potentialAction":[{"@type":"ReadAction","target":["https:\/\/rcrctoolbox.org\/about-us\/"]}]},{"@type":"BreadcrumbList","@id":"https:\/\/rcrctoolbox.org\/about-us\/#breadcrumb","itemListElement":[{"@type":"ListItem","position":1,"name":"Inicio","item":"https:\/\/rcrctoolbox.org\/es\/"},{"@type":"ListItem","position":2,"name":"Sobre Nosotros"}]},{"@type":"WebSite","@id":"https:\/\/rcrctoolbox.org\/#website","url":"https:\/\/rcrctoolbox.org\/","name":"RCRC Toolbox","description":"Resilient Children \/ Resilient Communities","publisher":{"@id":"https:\/\/rcrctoolbox.org\/#organization"},"potentialAction":[{"@type":"SearchAction","target":{"@type":"EntryPoint","urlTemplate":"https:\/\/rcrctoolbox.org\/?s={search_term_string}"},"query-input":{"@type":"PropertyValueSpecification","valueRequired":true,"valueName":"search_term_string"}}],"inLanguage":"es"},{"@type":"Organization","@id":"https:\/\/rcrctoolbox.org\/#organization","name":"RCRC Toolbox","url":"https:\/\/rcrctoolbox.org\/","logo":{"@type":"ImageObject","inLanguage":"es","@id":"https:\/\/rcrctoolbox.org\/#\/schema\/logo\/image\/","url":"https:\/\/rcrctoolbox.org\/wp-content\/uploads\/2018\/06\/RCRCToolboxLogo2-e1528722906772.png","contentUrl":"https:\/\/rcrctoolbox.org\/wp-content\/uploads\/2018\/06\/RCRCToolboxLogo2-e1528722906772.png","width":260,"height":51,"caption":"RCRC Toolbox"},"image":{"@id":"https:\/\/rcrctoolbox.org\/#\/schema\/logo\/image\/"},"sameAs":["https:\/\/www.facebook.com\/ncdpcu","https:\/\/x.com\/columbia_ncdp","https:\/\/www.linkedin.com\/company\/national-center-for-disaster-preparedness\/"]}]}},"_links":{"self":[{"href":"https:\/\/rcrctoolbox.org\/es\/wp-json\/wp\/v2\/pages\/2437","targetHints":{"allow":["GET"]}}],"collection":[{"href":"https:\/\/rcrctoolbox.org\/es\/wp-json\/wp\/v2\/pages"}],"about":[{"href":"https:\/\/rcrctoolbox.org\/es\/wp-json\/wp\/v2\/types\/page"}],"author":[{"embeddable":true,"href":"https:\/\/rcrctoolbox.org\/es\/wp-json\/wp\/v2\/users\/1"}],"replies":[{"embeddable":true,"href":"https:\/\/rcrctoolbox.org\/es\/wp-json\/wp\/v2\/comments?post=2437"}],"version-history":[{"count":0,"href":"https:\/\/rcrctoolbox.org\/es\/wp-json\/wp\/v2\/pages\/2437\/revisions"}],"wp:attachment":[{"href":"https:\/\/rcrctoolbox.org\/es\/wp-json\/wp\/v2\/media?parent=2437"}],"curies":[{"name":"wp","href":"https:\/\/api.w.org\/{rel}","templated":true}]}}