{"id":2500,"date":"2019-09-17T11:37:03","date_gmt":"2019-09-17T15:37:03","guid":{"rendered":"https:\/\/rcrctoolbox.org\/?page_id=2500"},"modified":"2019-09-17T12:37:37","modified_gmt":"2019-09-17T16:37:37","slug":"sobre-nosotros-antecedentes","status":"publish","type":"page","link":"https:\/\/rcrctoolbox.org\/es\/sobre-nosotros-antecedentes\/","title":{"rendered":"Sobre Nosotros Antecedentes"},"content":{"rendered":"<h4>Antecedentes de Resilient Children\/Resilient Communities<\/h4>\n<p><img decoding=\"async\" class=\"alignleft wp-image-1814 size-medium\" src=\"https:\/\/rcrctoolbox.org\/wp-content\/uploads\/2018\/05\/Background20180417_144952-300x161.jpg\" alt=\"RCRC Meeting\" width=\"300\" height=\"161\" srcset=\"https:\/\/rcrctoolbox.org\/wp-content\/uploads\/2018\/05\/Background20180417_144952-300x161.jpg 300w, https:\/\/rcrctoolbox.org\/wp-content\/uploads\/2018\/05\/Background20180417_144952-768x411.jpg 768w, https:\/\/rcrctoolbox.org\/wp-content\/uploads\/2018\/05\/Background20180417_144952-1024x548.jpg 1024w, https:\/\/rcrctoolbox.org\/wp-content\/uploads\/2018\/05\/Background20180417_144952-600x321.jpg 600w, https:\/\/rcrctoolbox.org\/wp-content\/uploads\/2018\/05\/Background20180417_144952-585x313.jpg 585w\" sizes=\"(max-width: 300px) 100vw, 300px\" \/><\/p>\n<p>Durante y despu\u00e9s de los desastres, los ni\u00f1os y sus familias tienen necesidades \u00fanicas y espec\u00edficas que pueden no abordarse adecuadamente en la planificaci\u00f3n y respuesta ante emergencias. Como ejemplo, los estudios muestran que las barreras que impiden que los ni\u00f1os regresen a la escuela r\u00e1pidamente despu\u00e9s de un desastre pueden retrasar el retorno a la normalidad que los ni\u00f1os necesitan, y el impacto a largo plazo puede ser devastador. Regresar r\u00e1pidamente a una rutina puede mejorar la recuperaci\u00f3n de un ni\u00f1o y, al mismo tiempo, permitir que la unidad familiar atienda otros problemas de recuperaci\u00f3n.<\/p>\n<p>Todos los d\u00edas, 69 millones de ni\u00f1os pasan el d\u00eda en centros de cuido o en la escuela. A pesar de esto, estas instituciones que sirven a ni\u00f1os muchas veces quedan fuera de la ecuaci\u00f3n de preparaci\u00f3n y planificaci\u00f3n. Es posible que no tengan los recursos ni la capacidad para dar servicios de refugio y evacuaci\u00f3n seguros y no traum\u00e1ticos, ni un apoyo cr\u00edtico a corto y largo plazo para ayudar durante la respuesta y en una recuperaci\u00f3n exitosa.<\/p>\n<h4>Destacando la Importancia<\/h4>\n<p>Seg\u00fan los datos del\u00a0<a href=\"http:\/\/www.savethechildren.org\/site\/c.8rKLIXMGIpI4E\/b.8777053\/k.F31D\/Get_Ready_Get_Safe_Disaster_Report_Card.htm#Infographic\" target=\"_blank\" rel=\"noopener noreferrer\">Informativo Anual de Desastres 2014<\/a>,\u00a0de Save the Children, si ocurre un desastre, 21 estados m\u00e1s el Distrito de Columbia carecen de est\u00e1ndares b\u00e1sicos de preparaci\u00f3n para proteger a los ni\u00f1os en las escuelas y centros de cuidado infantil, y solo 4 de cada 10 familias estadounidenses tienen un plan para manejar una emergencia. Despu\u00e9s del hurac\u00e1n Katrina, se necesit\u00f3 la asombrosa cantidad de siete meses para reunir al \u00faltimo ni\u00f1o con su familia..<\/p>\n<ul>\n<li>M\u00e1s de la mitad de las familias estadounidenses han sido afectadas por un desastre.<\/li>\n<li>El 42% de los padres no saben d\u00f3nde encontrar a sus hijos si han sido evacuados.<\/li>\n<li>De cada $10 gastados en Subvenciones de Preparaci\u00f3n de la Agencia Federal (Federal Agency Preparedness Grants), menos de un centavo se destina a actividades dirigidas a la seguridad de los ni\u00f1os<\/li>\n<\/ul>\n<h4>Construyendo Sobre la Investigaci\u00f3n<\/h4>\n<p>Los estudios muestran que las barreras que impiden que los ni\u00f1os regresen a la escuela r\u00e1pidamente despu\u00e9s de un desastre pueden retrasar el regreso a la normalidad que los ni\u00f1os necesitan, y el impacto a largo plazo puede ser devastador. Regresar r\u00e1pidamente a una rutina puede mejorar la recuperaci\u00f3n de un ni\u00f1o y, al mismo tiempo, permitir que la unidad familiar atienda otros problemas de recuperaci\u00f3n.<\/p>\n<p>En uno de los estudios trascendentales del NCDP, del Estudio de Salud Infantil y Familiar de la Costa del Golfo (un estudio de 1.079 hogares en Luisiana y Mississippi despu\u00e9s de Katrina, de 5 a\u00f1os de duraci\u00f3n), se explor\u00f3 la idea de que los ni\u00f1os son \u00abbar\u00f3metro de la recuperaci\u00f3n\u00bb. Si los ni\u00f1os est\u00e1n bien (apoyados, en la escuela, recibiendo los servicios necesarios, etc.), entonces es probable que a la comunidad en general le vaya bien en todas las fases de un desastre, particularmente durante la recuperaci\u00f3n.<\/p>\n<p><strong>Para m\u00e1s informaci\u00f3n sobre la iniciativa RCRC:<\/strong><\/p>\n<p><a href=\"https:\/\/rcrctoolbox.org\/wp-content\/uploads\/2018\/05\/RCRC_Fact-Sheet_2019_en.pdf\" target=\"_blank\" rel=\"noopener noreferrer\">Hoja Informativa RCRC \u2013 ingl\u00e9s (PDF)<\/a><\/p>\n<p><a href=\"https:\/\/rcrctoolbox.org\/wp-content\/uploads\/2018\/05\/RCRC_Fact-Sheet_2019_es.pdf\" target=\"_blank\" rel=\"noopener noreferrer\">Hoja Informativa RCRC \u2013 espa\u00f1ol (PDF)<\/a><\/p>\n","protected":false},"excerpt":{"rendered":"<p>Antecedentes de Resilient Children\/Resilient Communities Durante y despu\u00e9s de los desastres, los ni\u00f1os y sus familias tienen necesidades \u00fanicas y espec\u00edficas que pueden no abordarse adecuadamente en la planificaci\u00f3n y respuesta ante emergencias. Como ejemplo, los estudios muestran que las barreras que impiden que los&#8230;<\/p>\n","protected":false},"author":1,"featured_media":0,"parent":0,"menu_order":0,"comment_status":"closed","ping_status":"closed","template":"","meta":{"_acf_changed":false,"_monsterinsights_skip_tracking":false,"_monsterinsights_sitenote_active":false,"_monsterinsights_sitenote_note":"","_monsterinsights_sitenote_category":0,"footnotes":""},"class_list":["post-2500","page","type-page","status-publish","hentry"],"acf":[],"yoast_head":"<!-- This site is optimized with the Yoast SEO plugin v26.2 - https:\/\/yoast.com\/wordpress\/plugins\/seo\/ -->\n<title>Sobre Nosotros Antecedentes - RCRC Caja de Herramientas<\/title>\n<meta name=\"robots\" content=\"index, follow, max-snippet:-1, max-image-preview:large, max-video-preview:-1\" \/>\n<link rel=\"canonical\" href=\"https:\/\/rcrctoolbox.org\/rcrc-background\/\" \/>\n<meta property=\"og:locale\" content=\"es_ES\" \/>\n<meta property=\"og:type\" content=\"article\" \/>\n<meta property=\"og:title\" content=\"Antecedentes de Resilient Children\/Resilient Communities\" \/>\n<meta property=\"og:description\" content=\"Durante y despu\u00e9s de los desastres, los ni\u00f1os y sus familias tienen necesidades \u00fanicas y espec\u00edficas que pueden no abordarse adecuadamente en la planificaci\u00f3n y respuesta ante emergencias.\" \/>\n<meta property=\"og:url\" content=\"https:\/\/rcrctoolbox.org\/rcrc-background\/\" \/>\n<meta property=\"og:site_name\" content=\"RCRC Caja de Herramientas\" \/>\n<meta property=\"article:publisher\" content=\"https:\/\/www.facebook.com\/ncdpcu\" \/>\n<meta property=\"article:modified_time\" content=\"2019-09-17T16:37:37+00:00\" \/>\n<meta property=\"og:image\" content=\"https:\/\/rcrctoolbox.org\/wp-content\/uploads\/2019\/09\/Background20180417_144952-300x161.jpg\" \/>\n\t<meta property=\"og:image:width\" content=\"300\" \/>\n\t<meta property=\"og:image:height\" content=\"161\" \/>\n\t<meta property=\"og:image:type\" content=\"image\/jpeg\" \/>\n<meta name=\"twitter:card\" content=\"summary_large_image\" \/>\n<meta name=\"twitter:title\" content=\"Antecedentes de Resilient Children\/Resilient Communities\" \/>\n<meta name=\"twitter:description\" content=\"Durante y despu\u00e9s de los desastres, los ni\u00f1os y sus familias tienen necesidades \u00fanicas y espec\u00edficas que pueden no abordarse adecuadamente en la planificaci\u00f3n y respuesta ante emergencias.\" \/>\n<meta name=\"twitter:image\" content=\"https:\/\/rcrctoolbox.org\/wp-content\/uploads\/2019\/09\/Background20180417_144952-300x161.jpg\" \/>\n<meta name=\"twitter:site\" content=\"@columbia_ncdp\" \/>\n<meta name=\"twitter:label1\" content=\"Tiempo de lectura\" \/>\n\t<meta name=\"twitter:data1\" content=\"3 minutos\" \/>\n<script type=\"application\/ld+json\" class=\"yoast-schema-graph\">{\"@context\":\"https:\/\/schema.org\",\"@graph\":[{\"@type\":\"WebPage\",\"@id\":\"https:\/\/rcrctoolbox.org\/rcrc-background\/\",\"url\":\"https:\/\/rcrctoolbox.org\/rcrc-background\/\",\"name\":\"Sobre Nosotros Antecedentes - RCRC Caja de Herramientas\",\"isPartOf\":{\"@id\":\"https:\/\/rcrctoolbox.org\/#website\"},\"primaryImageOfPage\":{\"@id\":\"https:\/\/rcrctoolbox.org\/rcrc-background\/#primaryimage\"},\"image\":{\"@id\":\"https:\/\/rcrctoolbox.org\/rcrc-background\/#primaryimage\"},\"thumbnailUrl\":\"https:\/\/rcrctoolbox.org\/wp-content\/uploads\/2018\/05\/Background20180417_144952-300x161.jpg\",\"datePublished\":\"2019-09-17T15:37:03+00:00\",\"dateModified\":\"2019-09-17T16:37:37+00:00\",\"breadcrumb\":{\"@id\":\"https:\/\/rcrctoolbox.org\/rcrc-background\/#breadcrumb\"},\"inLanguage\":\"es\",\"potentialAction\":[{\"@type\":\"ReadAction\",\"target\":[\"https:\/\/rcrctoolbox.org\/rcrc-background\/\"]}]},{\"@type\":\"ImageObject\",\"inLanguage\":\"es\",\"@id\":\"https:\/\/rcrctoolbox.org\/rcrc-background\/#primaryimage\",\"url\":\"https:\/\/rcrctoolbox.org\/wp-content\/uploads\/2018\/05\/Background20180417_144952-300x161.jpg\",\"contentUrl\":\"https:\/\/rcrctoolbox.org\/wp-content\/uploads\/2018\/05\/Background20180417_144952-300x161.jpg\"},{\"@type\":\"BreadcrumbList\",\"@id\":\"https:\/\/rcrctoolbox.org\/rcrc-background\/#breadcrumb\",\"itemListElement\":[{\"@type\":\"ListItem\",\"position\":1,\"name\":\"Inicio\",\"item\":\"https:\/\/rcrctoolbox.org\/es\/\"},{\"@type\":\"ListItem\",\"position\":2,\"name\":\"Sobre Nosotros Antecedentes\"}]},{\"@type\":\"WebSite\",\"@id\":\"https:\/\/rcrctoolbox.org\/#website\",\"url\":\"https:\/\/rcrctoolbox.org\/\",\"name\":\"RCRC Toolbox\",\"description\":\"Resilient Children \/ Resilient Communities\",\"publisher\":{\"@id\":\"https:\/\/rcrctoolbox.org\/#organization\"},\"potentialAction\":[{\"@type\":\"SearchAction\",\"target\":{\"@type\":\"EntryPoint\",\"urlTemplate\":\"https:\/\/rcrctoolbox.org\/?s={search_term_string}\"},\"query-input\":{\"@type\":\"PropertyValueSpecification\",\"valueRequired\":true,\"valueName\":\"search_term_string\"}}],\"inLanguage\":\"es\"},{\"@type\":\"Organization\",\"@id\":\"https:\/\/rcrctoolbox.org\/#organization\",\"name\":\"RCRC Toolbox\",\"url\":\"https:\/\/rcrctoolbox.org\/\",\"logo\":{\"@type\":\"ImageObject\",\"inLanguage\":\"es\",\"@id\":\"https:\/\/rcrctoolbox.org\/#\/schema\/logo\/image\/\",\"url\":\"https:\/\/rcrctoolbox.org\/wp-content\/uploads\/2018\/06\/RCRCToolboxLogo2-e1528722906772.png\",\"contentUrl\":\"https:\/\/rcrctoolbox.org\/wp-content\/uploads\/2018\/06\/RCRCToolboxLogo2-e1528722906772.png\",\"width\":260,\"height\":51,\"caption\":\"RCRC Toolbox\"},\"image\":{\"@id\":\"https:\/\/rcrctoolbox.org\/#\/schema\/logo\/image\/\"},\"sameAs\":[\"https:\/\/www.facebook.com\/ncdpcu\",\"https:\/\/x.com\/columbia_ncdp\",\"https:\/\/www.linkedin.com\/company\/national-center-for-disaster-preparedness\/\"]}]}<\/script>\n<!-- \/ Yoast SEO plugin. -->","yoast_head_json":{"title":"Sobre Nosotros Antecedentes - RCRC Caja de Herramientas","robots":{"index":"index","follow":"follow","max-snippet":"max-snippet:-1","max-image-preview":"max-image-preview:large","max-video-preview":"max-video-preview:-1"},"canonical":"https:\/\/rcrctoolbox.org\/rcrc-background\/","og_locale":"es_ES","og_type":"article","og_title":"Antecedentes de Resilient Children\/Resilient Communities","og_description":"Durante y despu\u00e9s de los desastres, los ni\u00f1os y sus familias tienen necesidades \u00fanicas y espec\u00edficas que pueden no abordarse adecuadamente en la planificaci\u00f3n y respuesta ante emergencias.","og_url":"https:\/\/rcrctoolbox.org\/rcrc-background\/","og_site_name":"RCRC Caja de Herramientas","article_publisher":"https:\/\/www.facebook.com\/ncdpcu","article_modified_time":"2019-09-17T16:37:37+00:00","og_image":[{"width":300,"height":161,"url":"https:\/\/rcrctoolbox.org\/wp-content\/uploads\/2019\/09\/Background20180417_144952-300x161.jpg","type":"image\/jpeg"}],"twitter_card":"summary_large_image","twitter_title":"Antecedentes de Resilient Children\/Resilient Communities","twitter_description":"Durante y despu\u00e9s de los desastres, los ni\u00f1os y sus familias tienen necesidades \u00fanicas y espec\u00edficas que pueden no abordarse adecuadamente en la planificaci\u00f3n y respuesta ante emergencias.","twitter_image":"https:\/\/rcrctoolbox.org\/wp-content\/uploads\/2019\/09\/Background20180417_144952-300x161.jpg","twitter_site":"@columbia_ncdp","twitter_misc":{"Tiempo de lectura":"3 minutos"},"schema":{"@context":"https:\/\/schema.org","@graph":[{"@type":"WebPage","@id":"https:\/\/rcrctoolbox.org\/rcrc-background\/","url":"https:\/\/rcrctoolbox.org\/rcrc-background\/","name":"Sobre Nosotros Antecedentes - RCRC Caja de Herramientas","isPartOf":{"@id":"https:\/\/rcrctoolbox.org\/#website"},"primaryImageOfPage":{"@id":"https:\/\/rcrctoolbox.org\/rcrc-background\/#primaryimage"},"image":{"@id":"https:\/\/rcrctoolbox.org\/rcrc-background\/#primaryimage"},"thumbnailUrl":"https:\/\/rcrctoolbox.org\/wp-content\/uploads\/2018\/05\/Background20180417_144952-300x161.jpg","datePublished":"2019-09-17T15:37:03+00:00","dateModified":"2019-09-17T16:37:37+00:00","breadcrumb":{"@id":"https:\/\/rcrctoolbox.org\/rcrc-background\/#breadcrumb"},"inLanguage":"es","potentialAction":[{"@type":"ReadAction","target":["https:\/\/rcrctoolbox.org\/rcrc-background\/"]}]},{"@type":"ImageObject","inLanguage":"es","@id":"https:\/\/rcrctoolbox.org\/rcrc-background\/#primaryimage","url":"https:\/\/rcrctoolbox.org\/wp-content\/uploads\/2018\/05\/Background20180417_144952-300x161.jpg","contentUrl":"https:\/\/rcrctoolbox.org\/wp-content\/uploads\/2018\/05\/Background20180417_144952-300x161.jpg"},{"@type":"BreadcrumbList","@id":"https:\/\/rcrctoolbox.org\/rcrc-background\/#breadcrumb","itemListElement":[{"@type":"ListItem","position":1,"name":"Inicio","item":"https:\/\/rcrctoolbox.org\/es\/"},{"@type":"ListItem","position":2,"name":"Sobre Nosotros Antecedentes"}]},{"@type":"WebSite","@id":"https:\/\/rcrctoolbox.org\/#website","url":"https:\/\/rcrctoolbox.org\/","name":"RCRC Toolbox","description":"Resilient Children \/ Resilient Communities","publisher":{"@id":"https:\/\/rcrctoolbox.org\/#organization"},"potentialAction":[{"@type":"SearchAction","target":{"@type":"EntryPoint","urlTemplate":"https:\/\/rcrctoolbox.org\/?s={search_term_string}"},"query-input":{"@type":"PropertyValueSpecification","valueRequired":true,"valueName":"search_term_string"}}],"inLanguage":"es"},{"@type":"Organization","@id":"https:\/\/rcrctoolbox.org\/#organization","name":"RCRC Toolbox","url":"https:\/\/rcrctoolbox.org\/","logo":{"@type":"ImageObject","inLanguage":"es","@id":"https:\/\/rcrctoolbox.org\/#\/schema\/logo\/image\/","url":"https:\/\/rcrctoolbox.org\/wp-content\/uploads\/2018\/06\/RCRCToolboxLogo2-e1528722906772.png","contentUrl":"https:\/\/rcrctoolbox.org\/wp-content\/uploads\/2018\/06\/RCRCToolboxLogo2-e1528722906772.png","width":260,"height":51,"caption":"RCRC Toolbox"},"image":{"@id":"https:\/\/rcrctoolbox.org\/#\/schema\/logo\/image\/"},"sameAs":["https:\/\/www.facebook.com\/ncdpcu","https:\/\/x.com\/columbia_ncdp","https:\/\/www.linkedin.com\/company\/national-center-for-disaster-preparedness\/"]}]}},"_links":{"self":[{"href":"https:\/\/rcrctoolbox.org\/es\/wp-json\/wp\/v2\/pages\/2500","targetHints":{"allow":["GET"]}}],"collection":[{"href":"https:\/\/rcrctoolbox.org\/es\/wp-json\/wp\/v2\/pages"}],"about":[{"href":"https:\/\/rcrctoolbox.org\/es\/wp-json\/wp\/v2\/types\/page"}],"author":[{"embeddable":true,"href":"https:\/\/rcrctoolbox.org\/es\/wp-json\/wp\/v2\/users\/1"}],"replies":[{"embeddable":true,"href":"https:\/\/rcrctoolbox.org\/es\/wp-json\/wp\/v2\/comments?post=2500"}],"version-history":[{"count":0,"href":"https:\/\/rcrctoolbox.org\/es\/wp-json\/wp\/v2\/pages\/2500\/revisions"}],"wp:attachment":[{"href":"https:\/\/rcrctoolbox.org\/es\/wp-json\/wp\/v2\/media?parent=2500"}],"curies":[{"name":"wp","href":"https:\/\/api.w.org\/{rel}","templated":true}]}}