{"id":2506,"date":"2019-09-17T11:44:06","date_gmt":"2019-09-17T15:44:06","guid":{"rendered":"https:\/\/rcrctoolbox.org\/?page_id=2506"},"modified":"2019-09-17T12:47:24","modified_gmt":"2019-09-17T16:47:24","slug":"encuesta-nacional-rcrc","status":"publish","type":"page","link":"https:\/\/rcrctoolbox.org\/es\/encuesta-nacional-rcrc\/","title":{"rendered":"Encuesta Nacional RCRC"},"content":{"rendered":"<p>[vc_row][vc_column][vc_column_text]<\/p>\n<h1>Encuesta Nacional RCRC<\/h1>\n<p style=\"text-align: left;\"><span style=\"background-color: #ffffff; font-size: 18px; color: #003366;\"><em><img decoding=\"async\" class=\" wp-image-1859 alignleft\" src=\"https:\/\/rcrctoolbox.org\/wp-content\/uploads\/2018\/06\/RCRC_National_Survey-245x300.jpg\" alt=\"RCRC National Survey\" width=\"174\" height=\"213\" srcset=\"https:\/\/rcrctoolbox.org\/wp-content\/uploads\/2018\/06\/RCRC_National_Survey-245x300.jpg 245w, https:\/\/rcrctoolbox.org\/wp-content\/uploads\/2018\/06\/RCRC_National_Survey-768x939.jpg 768w, https:\/\/rcrctoolbox.org\/wp-content\/uploads\/2018\/06\/RCRC_National_Survey-838x1024.jpg 838w, https:\/\/rcrctoolbox.org\/wp-content\/uploads\/2018\/06\/RCRC_National_Survey-585x715.jpg 585w, https:\/\/rcrctoolbox.org\/wp-content\/uploads\/2018\/06\/RCRC_National_Survey.jpg 900w\" sizes=\"(max-width: 174px) 100vw, 174px\" \/>\u201cLa resiliencia comunitaria y la capacidad de una comunidad para recuperarse de una crisis se puede medir por su capacidad para cuidar a sus ni\u00f1os, que son una de las poblaciones m\u00e1s vulnerables en una emergencia.\u201d<\/em><\/span><\/p>\n<p>Como parte de la Iniciativa Resilient Children\/Resilient Communities (RCRC), el <a href=\"http:\/\/ncdp.columbia.edu\/\" target=\"_blank\" rel=\"noopener noreferrer\">National Center for Disaster Preparedness<\/a> dise\u00f1\u00f3 y despleg\u00f3 una <a href=\"https:\/\/academiccommons.columbia.edu\/download\/fedora_content\/download\/ac:194074\/content\/RCRC_National_Survey_FINAL_web.pdf\" target=\"_blank\" rel=\"noopener noreferrer\">encuesta nacional<\/a> inspirada en el trabajo previo a trav\u00e9s del <a href=\"http:\/\/ncdp.columbia.edu\/research\/preparedness-attitudes-behaviors\/\" target=\"_blank\" rel=\"noopener noreferrer\">Proyecto de Preparaci\u00f3n Estadounidense<\/a>, que recopil\u00f3 datos nacionales sobre actitudes y opiniones sobre la preparaci\u00f3n. Este evento dio a conocer los datos centrados en los ni\u00f1os en desastres e incluye an\u00e1lisis y comentarios de expertos del National Center for Disaster Preparedness y <a href=\"https:\/\/www.savethechildren.org\/\" target=\"_blank\" rel=\"noopener noreferrer\">Save the Children<\/a>. La Iniciativa RCRC est\u00e1 financiada por una subvenci\u00f3n de <a href=\"http:\/\/us.gsk.com\/en-us\/about-us\/us-community-partnerships\/\" target=\"_blank\" rel=\"noopener noreferrer\">GSK<\/a>.<\/p>\n<p><a href=\"https:\/\/academiccommons.columbia.edu\/download\/fedora_content\/download\/ac:194074\/content\/RCRC_National_Survey_FINAL_web.pdf\" target=\"_blank\" rel=\"noopener noreferrer\"><strong>Haga clic aqu\u00ed para descargar la encuesta.<\/strong><\/a><\/p>\n<p>&nbsp;<\/p>\n<h2>Seminario en L\u00ednea sobre el Lanzamiento de Datos de la Encuesta Nacional de Opiniones<\/h2>\n<p><strong>Martes, 9 de febrero, 2016<\/strong><\/p>\n<ul>\n<li><strong>Jeff Schlegelmilch<\/strong>, Director Adjunto, NCDP<\/li>\n<li><strong>Dr. Elisaveta Petkova<\/strong>, Directora de Proyecto, NCDP<\/li>\n<li><strong>Erin Bradshaw<\/strong>, Directora Senior, Estrategias de Impacto, Save the Children USA<\/li>\n<\/ul>\n<p>Este seminario en l\u00ednea se transmiti\u00f3 originalmente en vivo el 9 de febrero de 2016, de 12 &#8211; 1 PM EST. Abajo encontrar\u00e1 la grabaci\u00f3n del evento. Para continuar esta conversaci\u00f3n, por favor acomp\u00e1\u00f1enos en Twitter\u00a0<a href=\"https:\/\/www.twitter.com\/columbia_ncdp\">@columbia_ncdp<\/a>\u00a0usando la etiqueta #safekids.<\/p>\n<p>[\/vc_column_text][\/vc_column][\/vc_row][vc_row][vc_column][vc_video link=\u00bbhttps:\/\/vimeo.com\/154997435&#8243; el_width=\u00bb70&#8243; title=\u00bbSeminario en L\u00ednea sobre el Lanzamiento de Datos de la Encuesta Nacional de Opiniones\u00bb][\/vc_column][\/vc_row][vc_row][vc_column][vc_column_text]<\/p>\n<p><strong><em>Los Hogares Americanos No Est\u00e1n Preparados Para Desastres, Ni Confiados de que Podr\u00e1n Satisfacer las Necesidades de los Ni\u00f1os <\/em><\/strong><\/p>\n<p>Estados Unidos est\u00e1 experimentando un aumento continuo en la cantidad de eventos clim\u00e1ticos extremos, y 10 a\u00f1os despu\u00e9s del hurac\u00e1n Katrina y tres a\u00f1os despu\u00e9s de la s\u00faper tormenta Sandy, la gran mayor\u00eda de los estadounidenses siguen sin estar preparados para desastres grandes, seg\u00fan los resultados del estudio de investigaci\u00f3n del National Center for Disaster Preparedness (NCDP). La resiliencia comunitaria y la capacidad para recuperarse de una crisis se puede medir por la habilidad de cuidar a los ni\u00f1os, que son una de las poblaciones m\u00e1s vulnerables en una emergencia. Muchas comunidades, sistemas e instituciones que sirven a los ni\u00f1os no est\u00e1n lo suficientemente preparados para satisfacer las necesidades de los ni\u00f1os cuando ocurre una crisis. Del mismo modo, muchos padres no conf\u00edan en que sus hijos estar\u00e1n protegidos y no est\u00e1n al tanto de los planes que han hecho las escuelas para asegurarse de que los ni\u00f1os est\u00e9n seguros en caso de un evento catastr\u00f3fico en su comunidad.<\/p>\n<p><a href=\"https:\/\/academiccommons.columbia.edu\/download\/fedora_content\/download\/ac:194074\/content\/RCRC_National_Survey_FINAL_web.pdf\" target=\"_blank\" rel=\"noopener noreferrer\"><strong>Descargue la Encuesta Nacional (PDF)<\/strong><\/a>[\/vc_column_text][\/vc_column][\/vc_row]<\/p>\n","protected":false},"excerpt":{"rendered":"<p>[vc_row][vc_column][vc_column_text] Encuesta Nacional RCRC \u201cLa resiliencia comunitaria y la capacidad de una comunidad para recuperarse de una crisis se puede medir por su capacidad para cuidar a sus ni\u00f1os, que son una de las poblaciones m\u00e1s vulnerables en una emergencia.\u201d Como parte de la Iniciativa&#8230;<\/p>\n","protected":false},"author":1,"featured_media":0,"parent":0,"menu_order":0,"comment_status":"closed","ping_status":"closed","template":"","meta":{"_acf_changed":false,"_monsterinsights_skip_tracking":false,"_monsterinsights_sitenote_active":false,"_monsterinsights_sitenote_note":"","_monsterinsights_sitenote_category":0,"footnotes":""},"class_list":["post-2506","page","type-page","status-publish","hentry"],"acf":[],"yoast_head":"<!-- This site is optimized with the Yoast SEO plugin v26.2 - https:\/\/yoast.com\/wordpress\/plugins\/seo\/ -->\n<title>Encuesta Nacional RCRC | RCRC Toolbox<\/title>\n<meta name=\"description\" content=\"La resiliencia comunitaria y la capacidad de una comunidad para recuperarse de una crisis se puede medir por su capacidad para cuidar a sus ni\u00f1os, que son una de las poblaciones m\u00e1s vulnerables en una emergencia.\" \/>\n<meta name=\"robots\" content=\"index, follow, max-snippet:-1, max-image-preview:large, max-video-preview:-1\" \/>\n<link rel=\"canonical\" href=\"https:\/\/rcrctoolbox.org\/rcrc-national-survey\/\" \/>\n<meta property=\"og:locale\" content=\"es_ES\" \/>\n<meta property=\"og:type\" content=\"article\" \/>\n<meta property=\"og:title\" content=\"Encuesta Nacional RCRC | RCRC Toolbox\" \/>\n<meta property=\"og:description\" content=\"La resiliencia comunitaria y la capacidad de una comunidad para recuperarse de una crisis se puede medir por su capacidad para cuidar a sus ni\u00f1os, que son una de las poblaciones m\u00e1s vulnerables en una emergencia.\" \/>\n<meta property=\"og:url\" content=\"https:\/\/rcrctoolbox.org\/rcrc-national-survey\/\" \/>\n<meta property=\"og:site_name\" content=\"RCRC Caja de Herramientas\" \/>\n<meta property=\"article:publisher\" content=\"https:\/\/www.facebook.com\/ncdpcu\" \/>\n<meta property=\"article:modified_time\" content=\"2019-09-17T16:47:24+00:00\" \/>\n<meta property=\"og:image\" content=\"https:\/\/rcrctoolbox.org\/wp-content\/uploads\/2018\/05\/RCRC_National_SurveyTN.jpg\" \/>\n\t<meta property=\"og:image:width\" content=\"800\" \/>\n\t<meta property=\"og:image:height\" content=\"502\" \/>\n\t<meta property=\"og:image:type\" content=\"image\/jpeg\" \/>\n<meta name=\"twitter:card\" content=\"summary_large_image\" \/>\n<meta name=\"twitter:title\" content=\"Encuesta Nacional RCRC | RCRC Toolbox\" \/>\n<meta name=\"twitter:description\" content=\"La resiliencia comunitaria y la capacidad de una comunidad para recuperarse de una crisis se puede medir por su capacidad para cuidar a sus ni\u00f1os, que son una de las poblaciones m\u00e1s vulnerables en una emergencia.\" \/>\n<meta name=\"twitter:image\" content=\"https:\/\/rcrctoolbox.org\/wp-content\/uploads\/2018\/05\/RCRC_National_SurveyTN.jpg\" \/>\n<meta name=\"twitter:site\" content=\"@columbia_ncdp\" \/>\n<meta name=\"twitter:label1\" content=\"Tiempo de lectura\" \/>\n\t<meta name=\"twitter:data1\" content=\"2 minutos\" \/>\n<script type=\"application\/ld+json\" class=\"yoast-schema-graph\">{\"@context\":\"https:\/\/schema.org\",\"@graph\":[{\"@type\":\"WebPage\",\"@id\":\"https:\/\/rcrctoolbox.org\/rcrc-national-survey\/\",\"url\":\"https:\/\/rcrctoolbox.org\/rcrc-national-survey\/\",\"name\":\"Encuesta Nacional RCRC | RCRC Toolbox\",\"isPartOf\":{\"@id\":\"https:\/\/rcrctoolbox.org\/#website\"},\"primaryImageOfPage\":{\"@id\":\"https:\/\/rcrctoolbox.org\/rcrc-national-survey\/#primaryimage\"},\"image\":{\"@id\":\"https:\/\/rcrctoolbox.org\/rcrc-national-survey\/#primaryimage\"},\"thumbnailUrl\":\"https:\/\/rcrctoolbox.org\/wp-content\/uploads\/2018\/06\/RCRC_National_Survey-245x300.jpg\",\"datePublished\":\"2019-09-17T15:44:06+00:00\",\"dateModified\":\"2019-09-17T16:47:24+00:00\",\"description\":\"La resiliencia comunitaria y la capacidad de una comunidad para recuperarse de una crisis se puede medir por su capacidad para cuidar a sus ni\u00f1os, que son una de las poblaciones m\u00e1s vulnerables en una emergencia.\",\"breadcrumb\":{\"@id\":\"https:\/\/rcrctoolbox.org\/rcrc-national-survey\/#breadcrumb\"},\"inLanguage\":\"es\",\"potentialAction\":[{\"@type\":\"ReadAction\",\"target\":[\"https:\/\/rcrctoolbox.org\/rcrc-national-survey\/\"]}]},{\"@type\":\"ImageObject\",\"inLanguage\":\"es\",\"@id\":\"https:\/\/rcrctoolbox.org\/rcrc-national-survey\/#primaryimage\",\"url\":\"https:\/\/rcrctoolbox.org\/wp-content\/uploads\/2018\/06\/RCRC_National_Survey-245x300.jpg\",\"contentUrl\":\"https:\/\/rcrctoolbox.org\/wp-content\/uploads\/2018\/06\/RCRC_National_Survey-245x300.jpg\"},{\"@type\":\"BreadcrumbList\",\"@id\":\"https:\/\/rcrctoolbox.org\/rcrc-national-survey\/#breadcrumb\",\"itemListElement\":[{\"@type\":\"ListItem\",\"position\":1,\"name\":\"Inicio\",\"item\":\"https:\/\/rcrctoolbox.org\/es\/\"},{\"@type\":\"ListItem\",\"position\":2,\"name\":\"Encuesta Nacional RCRC\"}]},{\"@type\":\"WebSite\",\"@id\":\"https:\/\/rcrctoolbox.org\/#website\",\"url\":\"https:\/\/rcrctoolbox.org\/\",\"name\":\"RCRC Toolbox\",\"description\":\"Resilient Children \/ Resilient Communities\",\"publisher\":{\"@id\":\"https:\/\/rcrctoolbox.org\/#organization\"},\"potentialAction\":[{\"@type\":\"SearchAction\",\"target\":{\"@type\":\"EntryPoint\",\"urlTemplate\":\"https:\/\/rcrctoolbox.org\/?s={search_term_string}\"},\"query-input\":{\"@type\":\"PropertyValueSpecification\",\"valueRequired\":true,\"valueName\":\"search_term_string\"}}],\"inLanguage\":\"es\"},{\"@type\":\"Organization\",\"@id\":\"https:\/\/rcrctoolbox.org\/#organization\",\"name\":\"RCRC Toolbox\",\"url\":\"https:\/\/rcrctoolbox.org\/\",\"logo\":{\"@type\":\"ImageObject\",\"inLanguage\":\"es\",\"@id\":\"https:\/\/rcrctoolbox.org\/#\/schema\/logo\/image\/\",\"url\":\"https:\/\/rcrctoolbox.org\/wp-content\/uploads\/2018\/06\/RCRCToolboxLogo2-e1528722906772.png\",\"contentUrl\":\"https:\/\/rcrctoolbox.org\/wp-content\/uploads\/2018\/06\/RCRCToolboxLogo2-e1528722906772.png\",\"width\":260,\"height\":51,\"caption\":\"RCRC Toolbox\"},\"image\":{\"@id\":\"https:\/\/rcrctoolbox.org\/#\/schema\/logo\/image\/\"},\"sameAs\":[\"https:\/\/www.facebook.com\/ncdpcu\",\"https:\/\/x.com\/columbia_ncdp\",\"https:\/\/www.linkedin.com\/company\/national-center-for-disaster-preparedness\/\"]}]}<\/script>\n<!-- \/ Yoast SEO plugin. -->","yoast_head_json":{"title":"Encuesta Nacional RCRC | RCRC Toolbox","description":"La resiliencia comunitaria y la capacidad de una comunidad para recuperarse de una crisis se puede medir por su capacidad para cuidar a sus ni\u00f1os, que son una de las poblaciones m\u00e1s vulnerables en una emergencia.","robots":{"index":"index","follow":"follow","max-snippet":"max-snippet:-1","max-image-preview":"max-image-preview:large","max-video-preview":"max-video-preview:-1"},"canonical":"https:\/\/rcrctoolbox.org\/rcrc-national-survey\/","og_locale":"es_ES","og_type":"article","og_title":"Encuesta Nacional RCRC | RCRC Toolbox","og_description":"La resiliencia comunitaria y la capacidad de una comunidad para recuperarse de una crisis se puede medir por su capacidad para cuidar a sus ni\u00f1os, que son una de las poblaciones m\u00e1s vulnerables en una emergencia.","og_url":"https:\/\/rcrctoolbox.org\/rcrc-national-survey\/","og_site_name":"RCRC Caja de Herramientas","article_publisher":"https:\/\/www.facebook.com\/ncdpcu","article_modified_time":"2019-09-17T16:47:24+00:00","og_image":[{"width":800,"height":502,"url":"https:\/\/rcrctoolbox.org\/wp-content\/uploads\/2018\/05\/RCRC_National_SurveyTN.jpg","type":"image\/jpeg"}],"twitter_card":"summary_large_image","twitter_title":"Encuesta Nacional RCRC | RCRC Toolbox","twitter_description":"La resiliencia comunitaria y la capacidad de una comunidad para recuperarse de una crisis se puede medir por su capacidad para cuidar a sus ni\u00f1os, que son una de las poblaciones m\u00e1s vulnerables en una emergencia.","twitter_image":"https:\/\/rcrctoolbox.org\/wp-content\/uploads\/2018\/05\/RCRC_National_SurveyTN.jpg","twitter_site":"@columbia_ncdp","twitter_misc":{"Tiempo de lectura":"2 minutos"},"schema":{"@context":"https:\/\/schema.org","@graph":[{"@type":"WebPage","@id":"https:\/\/rcrctoolbox.org\/rcrc-national-survey\/","url":"https:\/\/rcrctoolbox.org\/rcrc-national-survey\/","name":"Encuesta Nacional RCRC | RCRC Toolbox","isPartOf":{"@id":"https:\/\/rcrctoolbox.org\/#website"},"primaryImageOfPage":{"@id":"https:\/\/rcrctoolbox.org\/rcrc-national-survey\/#primaryimage"},"image":{"@id":"https:\/\/rcrctoolbox.org\/rcrc-national-survey\/#primaryimage"},"thumbnailUrl":"https:\/\/rcrctoolbox.org\/wp-content\/uploads\/2018\/06\/RCRC_National_Survey-245x300.jpg","datePublished":"2019-09-17T15:44:06+00:00","dateModified":"2019-09-17T16:47:24+00:00","description":"La resiliencia comunitaria y la capacidad de una comunidad para recuperarse de una crisis se puede medir por su capacidad para cuidar a sus ni\u00f1os, que son una de las poblaciones m\u00e1s vulnerables en una emergencia.","breadcrumb":{"@id":"https:\/\/rcrctoolbox.org\/rcrc-national-survey\/#breadcrumb"},"inLanguage":"es","potentialAction":[{"@type":"ReadAction","target":["https:\/\/rcrctoolbox.org\/rcrc-national-survey\/"]}]},{"@type":"ImageObject","inLanguage":"es","@id":"https:\/\/rcrctoolbox.org\/rcrc-national-survey\/#primaryimage","url":"https:\/\/rcrctoolbox.org\/wp-content\/uploads\/2018\/06\/RCRC_National_Survey-245x300.jpg","contentUrl":"https:\/\/rcrctoolbox.org\/wp-content\/uploads\/2018\/06\/RCRC_National_Survey-245x300.jpg"},{"@type":"BreadcrumbList","@id":"https:\/\/rcrctoolbox.org\/rcrc-national-survey\/#breadcrumb","itemListElement":[{"@type":"ListItem","position":1,"name":"Inicio","item":"https:\/\/rcrctoolbox.org\/es\/"},{"@type":"ListItem","position":2,"name":"Encuesta Nacional RCRC"}]},{"@type":"WebSite","@id":"https:\/\/rcrctoolbox.org\/#website","url":"https:\/\/rcrctoolbox.org\/","name":"RCRC Toolbox","description":"Resilient Children \/ Resilient Communities","publisher":{"@id":"https:\/\/rcrctoolbox.org\/#organization"},"potentialAction":[{"@type":"SearchAction","target":{"@type":"EntryPoint","urlTemplate":"https:\/\/rcrctoolbox.org\/?s={search_term_string}"},"query-input":{"@type":"PropertyValueSpecification","valueRequired":true,"valueName":"search_term_string"}}],"inLanguage":"es"},{"@type":"Organization","@id":"https:\/\/rcrctoolbox.org\/#organization","name":"RCRC Toolbox","url":"https:\/\/rcrctoolbox.org\/","logo":{"@type":"ImageObject","inLanguage":"es","@id":"https:\/\/rcrctoolbox.org\/#\/schema\/logo\/image\/","url":"https:\/\/rcrctoolbox.org\/wp-content\/uploads\/2018\/06\/RCRCToolboxLogo2-e1528722906772.png","contentUrl":"https:\/\/rcrctoolbox.org\/wp-content\/uploads\/2018\/06\/RCRCToolboxLogo2-e1528722906772.png","width":260,"height":51,"caption":"RCRC Toolbox"},"image":{"@id":"https:\/\/rcrctoolbox.org\/#\/schema\/logo\/image\/"},"sameAs":["https:\/\/www.facebook.com\/ncdpcu","https:\/\/x.com\/columbia_ncdp","https:\/\/www.linkedin.com\/company\/national-center-for-disaster-preparedness\/"]}]}},"_links":{"self":[{"href":"https:\/\/rcrctoolbox.org\/es\/wp-json\/wp\/v2\/pages\/2506","targetHints":{"allow":["GET"]}}],"collection":[{"href":"https:\/\/rcrctoolbox.org\/es\/wp-json\/wp\/v2\/pages"}],"about":[{"href":"https:\/\/rcrctoolbox.org\/es\/wp-json\/wp\/v2\/types\/page"}],"author":[{"embeddable":true,"href":"https:\/\/rcrctoolbox.org\/es\/wp-json\/wp\/v2\/users\/1"}],"replies":[{"embeddable":true,"href":"https:\/\/rcrctoolbox.org\/es\/wp-json\/wp\/v2\/comments?post=2506"}],"version-history":[{"count":0,"href":"https:\/\/rcrctoolbox.org\/es\/wp-json\/wp\/v2\/pages\/2506\/revisions"}],"wp:attachment":[{"href":"https:\/\/rcrctoolbox.org\/es\/wp-json\/wp\/v2\/media?parent=2506"}],"curies":[{"name":"wp","href":"https:\/\/api.w.org\/{rel}","templated":true}]}}