{"id":3900,"date":"2020-12-11T06:45:36","date_gmt":"2020-12-11T11:45:36","guid":{"rendered":"https:\/\/rcrctoolbox.org\/rcrc-issue-briefs\/"},"modified":"2024-11-07T10:33:44","modified_gmt":"2024-11-07T15:33:44","slug":"rcrc-issue-briefs-es","status":"publish","type":"page","link":"https:\/\/rcrctoolbox.org\/es\/rcrc-issue-briefs-es\/","title":{"rendered":"INTRODUCCI\u00d3N-RCRC INFORMES TEM\u00c1TICOS"},"content":{"rendered":"<p><strong><sup>Introducci\u00f3n | <a href=\"https:\/\/rcrctoolbox.org\/es\/rcrc-issue-briefs-es\/childcare-in-disasters-es\/\" rel=\"noopener\">Cuidado Infantil en Desastres<\/a> | <a href=\"https:\/\/rcrctoolbox.org\/es\/rcrc-issue-briefs-es\/broadband-in-education-es\/\" rel=\"noopener\">Banda Ancha en la Educaci\u00f3n <\/a> | <a href=\"https:\/\/rcrctoolbox.org\/es\/rcrc-issue-briefs-es\/mental-health-and-well-being-es\/\" rel=\"noopener\">Salud Mental y Bienestar <\/a> | <a href=\"https:\/\/rcrctoolbox.org\/es\/rcrc-issue-briefs-es\/emergency-shelters-and-housing-security-es\/\" rel=\"noopener\">Refugios de Emergencia y Seguridad de Viviendas<\/a> | <a href=\"https:\/\/rcrctoolbox.org\/es\/rcrc-issue-briefs-es\/food-security-and-poverty-es\/\" rel=\"noopener\">Seguridad Alimentaria y Pobreza<\/a> | <a href=\"https:\/\/rcrctoolbox.org\/es\/rcrc-issue-briefs-es\/summary-es\/\" rel=\"noopener\">Resumen <\/a><\/sup><\/strong><\/p>\n<h1 id=\"why-children-should-be-the-1-d\" style=\"text-align: center;\">Porqu\u00e9 los Ni\u00f1os Deben Ser la Prioridad #1 en Desastres<\/h1>\n<p>&nbsp;<\/p>\n<p><a href=\"https:\/\/doi.org\/10.7916\/d8-yphb-8m33\" target=\"_blank\" rel=\"noopener\"><strong>Descargar documento (PDF)<\/strong><\/a><\/p>\n<p>La pandemia de COVID-19, los huracanes y otros desastres nos recuerdan que la resiliencia de nuestra comunidad, incluida la resiliencia econ\u00f3mica, depende de un r\u00e1pido regreso a la normalidad para los ni\u00f1os y los programas que los atienden, incluso si es una normalidad diferente. Sin lograr primero la normalidad para los ni\u00f1os, volver a la vida usual sigue siendo una aspiraci\u00f3n lejana para cuidadores y padres. Devolver la vida de los ni\u00f1os a la normalidad despu\u00e9s de un desastre abre la puerta para que la comunidad y la econom\u00eda en general comiencen a recuperarse por completo.<\/p>\n<p>La Iniciativa Resilient Children Resilient Communities (RCRC) es un modelo comunitario de resiliencia infantil y comunitaria a trav\u00e9s del lente de la preparaci\u00f3n para desastres. Se centra en fortalecer la capacidad de las instituciones que dan servicios a ni\u00f1os para responder y recuperarse de los desastres, fomentando as\u00ed la resiliencia en los ni\u00f1os y las comunidades. Los desastres tienen un impacto desproporcionado y a largo plazo en los ni\u00f1os [i], sin embargo, las instituciones que atienden a los ni\u00f1os a menudo son pasadas por alto en la preparaci\u00f3n y respuesta ante desastres.<\/p>\n<p>Durante tiempos de desastre, los ni\u00f1os son vulnerables a las brechas en la educaci\u00f3n, los efectos adversos en la salud mental y el desarrollo de enfermedades cr\u00f3nicas en la edad adulta despu\u00e9s de enfrentar Experiencias Adversas de la Infancia (ACEs). Para abordar estos riesgos, la Iniciativa RCRC trabaja en colaboraci\u00f3n con las comunidades para mejorar la planificaci\u00f3n de la preparaci\u00f3n para desastres. Esto, con el fin de integrar de manera integral las instituciones que atienden a los ni\u00f1os en los procesos de planificaci\u00f3n de desastres en toda la comunidad. Los ni\u00f1os m\u00e1s resilientes son un determinante fundamental para la creaci\u00f3n de comunidades resilientes tanto a corto como a largo plazo.<\/p>\n<p>Estos informes tem\u00e1ticos son un reflejo de cinco a\u00f1os de trabajo comunitario en seis comunidades en los Estados Unidos y sus territorios. La Fase I (2015-2018) involucr\u00f3 a dos comunidades piloto que fueron pioneras en este enfoque innovador para la resiliencia comunitaria: una en el condado de Putnam, Nueva York, y la otra en el condado de Washington, Arkansas. La Fase II (2019-2021) incluy\u00f3 cuatro comunidades adicionales: el condado de Robeson y el condado de New Hanover en Carolina del Norte, y las regiones de Mayag\u00fcez y Humacao en Puerto Rico, que hab\u00edan estado trabajando en complejos esfuerzos de recuperaci\u00f3n despu\u00e9s de la catastr\u00f3fica temporada de huracanes de 2017. Con la ayuda del <a href=\"https:\/\/ncdp.columbia.edu\/\">National Center for Disaster Preparedness (NCDP) del Earth Institute de la Universidad de Columbia<\/a>, las voces comunitarias de las seis comunidades RCRC identificaron 5 \u00e1reas problem\u00e1ticas como temas que requieren la atenci\u00f3n de legisladores para fomentar la resiliencia infantil ante desastres.<\/p>\n<p><em><span class=\"TextRun BCX0 SCXW229701506\" lang=\"EN-US\" xml:lang=\"EN-US\" data-contrast=\"auto\"><span class=\"NormalTextRun BCX0 SCXW229701506\">H\u00e1ga clic en este mapa interactivo para saber m\u00e1s de las comunidades involucradas en este proyecto.\u00a0<\/span><\/span><\/em><\/p>\n<div class=\"flourish-embed\" align=\"center\" data-src=\"story\/747609\" data-width=\"800px\"><script src=\"https:\/\/public.flourish.studio\/resources\/embed.js\"><\/script><\/div>\n<h2 id=\"how-to-use-these-reports\u00a0\" data-src=\"story\/493489\"><span class=\"TextRun SCXW87637387 BCX0\" lang=\"EN-US\" xml:lang=\"EN-US\" data-contrast=\"auto\"><span class=\"NormalTextRun SCXW87637387 BCX0\">C\u00f3mo Usar Estos Informes <\/span><\/span><span class=\"EOP SCXW87637387 BCX0\" data-ccp-props=\"{}\">\u00a0<\/span><\/h2>\n<p>Estos informes tem\u00e1ticos est\u00e1n dise\u00f1ados para ser utilizados por las comunidades RCRC y todos los dem\u00e1s distritos electorales estadounidenses que buscan elevar la resiliencia de los ni\u00f1os ante desastres a la atenci\u00f3n de legisladores u otros responsables de la toma de decisiones a nivel local, estatal y federal. Estos informes tambi\u00e9n pueden ser utilizados por legisladores y tomadores de decisiones a todos los niveles como res\u00famenes informativos para entender mejor los problemas que enfrentan las comunidades en desastres al 2021.<\/p>\n<p><strong><span class=\"TextRun SCXW218567259 BCX0\" lang=\"EN-US\" xml:lang=\"EN-US\" data-contrast=\"auto\"><span class=\"NormalTextRun SCXW218567259 BCX0\">Las problem\u00e1ticas que se abordan en estos informes son: <\/span><\/span><span class=\"EOP SCXW218567259 BCX0\" data-ccp-props=\"{}\">\u00a0<\/span><\/strong><\/p>\n<ul>\n<li><a href=\"https:\/\/rcrctoolbox.org\/es\/rcrc-issue-briefs-es\/childcare-in-disasters-es\/\"><span data-contrast=\"auto\">Tratar el<\/span><span data-contrast=\"auto\">\u00a0cuidado de los ni\u00f1os como un servicio esencial durante los desastres<\/span><span data-ccp-props=\"{&quot;335551550&quot;:6,&quot;335551620&quot;:6}\">\u00a0<\/span><\/a><\/li>\n<li><a href=\"https:\/\/rcrctoolbox.org\/es\/rcrc-issue-briefs-es\/broadband-in-education-es\/\"><span data-contrast=\"auto\">Ampliar el<\/span><span data-contrast=\"auto\">\u00a0acceso de banda ancha, especialmente en las zonas rurales<\/span><span data-ccp-props=\"{&quot;335551550&quot;:6,&quot;335551620&quot;:6}\">\u00a0<\/span><\/a><\/li>\n<li><a href=\"https:\/\/rcrctoolbox.org\/es\/rcrc-issue-briefs-es\/mental-health-and-well-being-es\/\"><span data-contrast=\"auto\">Aumentar<\/span><span data-contrast=\"auto\">\u00a0los recursos de salud mental para los ni\u00f1os afectados por los desastres<\/span><span data-ccp-props=\"{&quot;335551550&quot;:6,&quot;335551620&quot;:6}\">\u00a0<\/span><\/a><\/li>\n<li><a href=\"https:\/\/rcrctoolbox.org\/es\/rcrc-issue-briefs-es\/emergency-shelters-and-housing-security-es\/\"><span data-contrast=\"auto\">Priorizar<\/span><span data-contrast=\"auto\">\u00a0a los programas de vivienda estable y refugios<\/span><span data-contrast=\"auto\">\u00a0aptos<\/span><span data-contrast=\"auto\">\u00a0para los ni\u00f1os<\/span><\/a><span data-ccp-props=\"{&quot;335551550&quot;:6,&quot;335551620&quot;:6}\">\u00a0<\/span><\/li>\n<li><a href=\"https:\/\/rcrctoolbox.org\/es\/rcrc-issue-briefs-es\/food-security-and-poverty-es\/\"><span data-contrast=\"auto\">Prolongar<\/span><span data-contrast=\"auto\"> los programas de seguridad alimentaria de emergencia en \u00e1reas en situaci\u00f3n de pobreza<\/span><\/a><\/li>\n<\/ul>\n<p><span class=\"EOP SCXW243700680 BCX0\" data-ccp-props=\"{}\"><span class=\"TextRun SCXW231612845 BCX0\" lang=\"ES-PR\" xml:lang=\"ES-PR\" data-contrast=\"none\"><span class=\"NormalTextRun SCXW231612845 BCX0\">Cada resumen tem\u00e1tico est\u00e1 dise\u00f1ado\u00a0<\/span><\/span><span class=\"TextRun SCXW231612845 BCX0\" lang=\"ES-PR\" xml:lang=\"ES-PR\" data-contrast=\"none\"><span class=\"NormalTextRun SCXW231612845 BCX0\">\u00a0<\/span><\/span><span class=\"TextRun SCXW231612845 BCX0\" lang=\"ES-PR\" xml:lang=\"ES-PR\" data-contrast=\"none\"><span class=\"NormalTextRun SCXW231612845 BCX0\">para ser compartido de forma independiente o en conjunto con otros temas.<\/span><\/span><span class=\"TextRun SCXW231612845 BCX0\" lang=\"ES-PR\" xml:lang=\"ES-PR\" data-contrast=\"none\"><span class=\"NormalTextRun SCXW231612845 BCX0\">\u00a0<\/span><\/span><span class=\"TextRun SCXW231612845 BCX0\" lang=\"ES-PR\" xml:lang=\"ES-PR\" data-contrast=\"none\"><span class=\"NormalTextRun SCXW231612845 BCX0\">Cada informe\u00a0<\/span><\/span><span class=\"TextRun SCXW231612845 BCX0\" lang=\"ES-PR\" xml:lang=\"ES-PR\" data-contrast=\"none\"><span class=\"NormalTextRun SCXW231612845 BCX0\">comienza con<\/span><\/span><span class=\"TextRun SCXW231612845 BCX0\" lang=\"ES-PR\" xml:lang=\"ES-PR\" data-contrast=\"none\"><span class=\"NormalTextRun SCXW231612845 BCX0\">\u00a0los testimonios de residentes y l\u00edderes dentro de las seis comunidades\u00a0<\/span><\/span><span class=\"TextRun SCXW231612845 BCX0\" lang=\"ES-PR\" xml:lang=\"ES-PR\" data-contrast=\"none\"><span class=\"NormalTextRun SCXW231612845 BCX0\">RCRC<\/span><\/span><span class=\"TextRun SCXW231612845 BCX0\" lang=\"ES-PR\" xml:lang=\"ES-PR\" data-contrast=\"none\"><span class=\"NormalTextRun SCXW231612845 BCX0\">\u00a0seguidos de una perspectiva nacional basado en datos<\/span><\/span><span class=\"TextRun SCXW231612845 BCX0\" lang=\"ES-PR\" xml:lang=\"ES-PR\" data-contrast=\"none\"><span class=\"NormalTextRun SCXW231612845 BCX0\">. Se\u00a0<\/span><\/span><span class=\"TextRun SCXW231612845 BCX0\" lang=\"ES-PR\" xml:lang=\"ES-PR\" data-contrast=\"none\"><span class=\"NormalTextRun SCXW231612845 BCX0\">incentiva\u00a0<\/span><\/span><span class=\"TextRun SCXW231612845 BCX0\" lang=\"ES-PR\" xml:lang=\"ES-PR\" data-contrast=\"none\"><span class=\"NormalTextRun SCXW231612845 BCX0\">a todos\u00a0<\/span><\/span><span class=\"TextRun SCXW231612845 BCX0\" lang=\"ES-PR\" xml:lang=\"ES-PR\" data-contrast=\"none\"><span class=\"NormalTextRun SCXW231612845 BCX0\">los lectores\u00a0<\/span><\/span><span class=\"TextRun SCXW231612845 BCX0\" lang=\"ES-PR\" xml:lang=\"ES-PR\" data-contrast=\"none\"><span class=\"NormalTextRun SCXW231612845 BCX0\">a explorar los temas y las voces que m\u00e1s resuenan en su propia comunidad.<\/span><\/span><span class=\"EOP SCXW231612845 BCX0\" data-ccp-props=\"{&quot;335551550&quot;:6,&quot;335551620&quot;:6}\">\u00a0<\/span> <\/span><\/p>\n<p><span class=\"TextRun BCX0 SCXW24893636\" lang=\"ES-PR\" xml:lang=\"ES-PR\" data-contrast=\"none\"><span class=\"NormalTextRun BCX0 SCXW24893636\">Estos informes, junto con l<\/span><\/span><span class=\"TextRun BCX0 SCXW24893636\" lang=\"ES-PR\" xml:lang=\"ES-PR\" data-contrast=\"none\"><span class=\"NormalTextRun BCX0 SCXW24893636\">as gr\u00e1ficas\u00a0<\/span><\/span><span class=\"TextRun BCX0 SCXW24893636\" lang=\"ES-PR\" xml:lang=\"ES-PR\" data-contrast=\"none\"><span class=\"NormalTextRun BCX0 SCXW24893636\">interactiv<\/span><\/span><span class=\"TextRun BCX0 SCXW24893636\" lang=\"ES-PR\" xml:lang=\"ES-PR\" data-contrast=\"none\"><span class=\"NormalTextRun BCX0 SCXW24893636\">a<\/span><\/span><span class=\"TextRun BCX0 SCXW24893636\" lang=\"ES-PR\" xml:lang=\"ES-PR\" data-contrast=\"none\"><span class=\"NormalTextRun BCX0 SCXW24893636\">s, son recursos<\/span><\/span><span class=\"TextRun BCX0 SCXW24893636\" lang=\"ES-PR\" xml:lang=\"ES-PR\" data-contrast=\"none\"><span class=\"NormalTextRun BCX0 SCXW24893636\"> gratuitos para ayudar para resaltar estos temas clave y contribuir a una mayor comprensi\u00f3n de la <\/span><\/span><span class=\"TextRun BCX0 SCXW24893636\" lang=\"ES-PR\" xml:lang=\"ES-PR\" data-contrast=\"none\"><span class=\"NormalTextRun BCX0 SCXW24893636\">resiliencia\u00a0<\/span><\/span><span class=\"TextRun BCX0 SCXW24893636\" lang=\"ES-PR\" xml:lang=\"ES-PR\" data-contrast=\"none\"><span class=\"NormalTextRun BCX0 SCXW24893636\">de los ni\u00f1os en desastres.<\/span><\/span><\/p>\n<p>&nbsp;<\/p>\n<h3 id=\"interconnected-systems\u00a0\">Sistemas Interconectados Como Diagrama Conceptual<\/h3>\n<p>Los ni\u00f1os resilientes necesitan comunidades fuertes capaces de nutrir y apoyarlos antes, durante y despues de los desastres. Las comunidades est\u00e1n formadas por elementos complejos, din\u00e1micos e interconectados que se impactan entre s\u00ed. Conceptualizar el sistema como un todo nos ayuda a ver las relaciones interconectadas para identificar \u00e1reas clave de crecimiento que pueden tener impactos duraderos. Las relaciones entre cada una de las burbujas en la figura interactiva a continuaci\u00f3n muestran c\u00f3mo los recursos en un \u00e1rea pueden aumentar o disminuir la fortaleza de otra.<\/p>\n<p>Este diagrama interactivo muestra c\u00f3mo cada tema es parte de un sistema interconectado. [ii] Cada c\u00edrculo se ve impactado cuando hacemos clic para aumentar o disminuir en cualquiera de las \u00e1reas. Intente esto: haga clic en la flecha hacia \u201carriba\u00bb dentro del c\u00edrculo rojo para ver qu\u00e9 sucede cuando aumentan los recursos de cuido infantil. O intente esto: haga clic en la flecha hacia \u201carriba\u00bb dentro del c\u00edrculo amarillo \u00abBanda ancha\u00bb para ver qu\u00e9 sucede cuando aumentamos el acceso a los recursos de Internet. Dentro del c\u00edrculo verde \u00abResiliencia\u00bb, puede hacer clic en la flecha hacia \u00abarriba\u00bb para ver qu\u00e9 sucede cuando aumentamos la resiliencia ante desastres o intentar hacer clic sobre la flecha hacia \u201cabajo\u201d para ver qu\u00e9 sucede cuando somos vulnerables a los desastres. Utilice el control en la parte inferior para aumentar o disminuir la velocidad de la actividad.<\/p>\n<p><iframe loading=\"lazy\" src=\"https:\/\/ncase.me\/loopy\/v1.1\/?embed=1&amp;data=[[[3,249,122,0.16,%22%22,0],[4,714,73,0.16,%22Educaci%25C3%25B3n%22,2],[5,917,97,0.16,%22Banda%2520Ancha%22,2],[6,916,396,0.16,%22Viviendas%22,4],[7,328,589,0.16,%22%22,1],[8,565,559,0.5,%22Pobreza%22,1],[9,562,289,0.16,%22Salud%2520Mental%22,5],[10,874,571,0.16,%22Refugio%22,4],[11,127,461,0.5,%22Resiliencia%22,3]],[[3,4,41,1,0],[3,9,-17,1,0],[3,7,18,1,0],[3,11,-17,1,0],[3,8,18,-1,0],[4,3,-40,1,0],[4,11,-53,1,0],[4,7,-80,1,0],[4,9,17,1,0],[4,8,55,-1,0],[5,4,4,1,0],[5,9,35,1,0],[6,5,13,1,0],[6,10,-12,1,0],[6,9,-19,1,0],[6,11,19,1,0],[6,8,26,-1,0],[10,6,13,1,0],[10,9,10,1,0],[8,10,16,-1,0],[8,6,-26,-1,0],[8,5,-63,-1,0],[8,9,6,-1,0],[8,3,-19,-1,0],[8,7,-28,-1,0],[8,11,5,-1,0],[7,9,44,1,0],[7,11,23,1,0],[7,8,28,-1,0],[11,3,17,1,0],[11,4,53,1,0],[11,9,-7,1,0],[11,6,-19,1,0],[11,7,-22,1,0],[11,10,146,1,0],[11,8,-5,-1,0],[9,4,-11,1,0],[9,6,19,1,0],[9,11,6,1,0],[9,8,-6,-1,0]],[[246,59,%22Cuidado%2520de%2520Ni%25C3%25B1os%22],[220,621,%22Seguridad%2520%250AAlimentaria%22]],11%5D\" width=\"1000\" height=\"600\" frameborder=\"0\"><\/iframe><\/p>\n<p>&nbsp;<\/p>\n<p>____<\/p>\n<p>[i] Kousky, C. (2016). Impacts of Natural Disasters on Children. The Future of Children, 26(1), 73-92. Retrieved from <a href=\"https:\/\/www.iaem.org\/usconf\/archives\/2017\">http:\/\/www.jstor.org\/stable\/43755231<\/a><\/p>\n<p>[ii] Case, N. (2017). LOOPY: A Tool for Thinking in Systems. Retrieved from <a href=\"https:\/\/ncase.me\/loopy\/\">https:\/\/ncase.me\/loopy\/<\/a><\/p>\n<p>&nbsp;<\/p>\n<p>\u00daltima actualizaci\u00f3n: 7 de abril, 2021<\/p>\n<p>&nbsp;<\/p>\n<a class=\"maxbutton-18 maxbutton maxbutton-next-children-es\" title=\"RCRC Issue Brief\" href=\"https:\/\/rcrctoolbox.org\/es\/rcrc-issue-briefs-es\/childcare-in-disasters-es\/\"><span class='mb-text'>Pr\u00f3ximo \u203a\u203a<\/span><\/a>\n","protected":false},"excerpt":{"rendered":"<p>Introducci\u00f3n | Cuidado Infantil en Desastres | Banda Ancha en la Educaci\u00f3n | Salud Mental y Bienestar | Refugios de Emergencia y Seguridad de Viviendas | Seguridad Alimentaria y Pobreza | Resumen Porqu\u00e9 los Ni\u00f1os Deben Ser la Prioridad #1 en Desastres &nbsp; Descargar documento&#8230;<\/p>\n","protected":false},"author":3,"featured_media":0,"parent":0,"menu_order":0,"comment_status":"closed","ping_status":"closed","template":"","meta":{"_acf_changed":false,"_monsterinsights_skip_tracking":false,"_monsterinsights_sitenote_active":false,"_monsterinsights_sitenote_note":"","_monsterinsights_sitenote_category":0,"footnotes":""},"class_list":["post-3900","page","type-page","status-publish","hentry"],"acf":[],"yoast_head":"<!-- This site is optimized with the Yoast SEO plugin v26.2 - https:\/\/yoast.com\/wordpress\/plugins\/seo\/ -->\n<title>Informes Tem\u00e1ticos RCRC | RCRC Initiative<\/title>\n<meta name=\"description\" content=\"These issue briefs are a reflection of five years of community-based work in six communities across the United States.\" \/>\n<meta name=\"robots\" content=\"index, follow, max-snippet:-1, max-image-preview:large, max-video-preview:-1\" \/>\n<link rel=\"canonical\" href=\"https:\/\/rcrctoolbox.org\/es\/rcrc-issue-briefs-es\/\" \/>\n<meta property=\"og:locale\" content=\"es_ES\" \/>\n<meta property=\"og:type\" content=\"article\" \/>\n<meta property=\"og:title\" content=\"Informes Tem\u00e1ticos RCRC | RCRC Initiative\" \/>\n<meta property=\"og:description\" content=\"These issue briefs are a reflection of five years of community-based work in six communities across the United States.\" \/>\n<meta property=\"og:url\" content=\"https:\/\/rcrctoolbox.org\/es\/rcrc-issue-briefs-es\/\" \/>\n<meta property=\"og:site_name\" content=\"RCRC Caja de Herramientas\" \/>\n<meta property=\"article:publisher\" content=\"https:\/\/www.facebook.com\/ncdpcu\" \/>\n<meta property=\"article:modified_time\" content=\"2024-11-07T15:33:44+00:00\" \/>\n<meta property=\"og:image\" content=\"https:\/\/rcrctoolbox.org\/wp-content\/uploads\/2021\/02\/RCRCIssueBriefImage-es-TN.png\" \/>\n\t<meta property=\"og:image:width\" content=\"800\" \/>\n\t<meta property=\"og:image:height\" content=\"502\" \/>\n\t<meta property=\"og:image:type\" content=\"image\/png\" \/>\n<meta name=\"twitter:card\" content=\"summary_large_image\" \/>\n<meta name=\"twitter:title\" content=\"Informes Tem\u00e1ticos RCRC | RCRC Initiative\" \/>\n<meta name=\"twitter:description\" content=\"These issue briefs are a reflection of five years of community-based work in six communities across the United States.\" \/>\n<meta name=\"twitter:image\" content=\"https:\/\/rcrctoolbox.org\/wp-content\/uploads\/2021\/02\/RCRCIssueBriefImage-es-TN.png\" \/>\n<meta name=\"twitter:site\" content=\"@columbia_ncdp\" \/>\n<meta name=\"twitter:label1\" content=\"Tiempo de lectura\" \/>\n\t<meta name=\"twitter:data1\" content=\"5 minutos\" \/>\n<script type=\"application\/ld+json\" class=\"yoast-schema-graph\">{\"@context\":\"https:\/\/schema.org\",\"@graph\":[{\"@type\":\"WebPage\",\"@id\":\"https:\/\/rcrctoolbox.org\/es\/rcrc-issue-briefs-es\/\",\"url\":\"https:\/\/rcrctoolbox.org\/es\/rcrc-issue-briefs-es\/\",\"name\":\"Informes Tem\u00e1ticos RCRC | RCRC Initiative\",\"isPartOf\":{\"@id\":\"https:\/\/rcrctoolbox.org\/#website\"},\"datePublished\":\"2020-12-11T11:45:36+00:00\",\"dateModified\":\"2024-11-07T15:33:44+00:00\",\"description\":\"These issue briefs are a reflection of five years of community-based work in six communities across the United States.\",\"breadcrumb\":{\"@id\":\"https:\/\/rcrctoolbox.org\/es\/rcrc-issue-briefs-es\/#breadcrumb\"},\"inLanguage\":\"es\",\"potentialAction\":[{\"@type\":\"ReadAction\",\"target\":[\"https:\/\/rcrctoolbox.org\/es\/rcrc-issue-briefs-es\/\"]}]},{\"@type\":\"BreadcrumbList\",\"@id\":\"https:\/\/rcrctoolbox.org\/es\/rcrc-issue-briefs-es\/#breadcrumb\",\"itemListElement\":[{\"@type\":\"ListItem\",\"position\":1,\"name\":\"Inicio\",\"item\":\"https:\/\/rcrctoolbox.org\/es\/\"},{\"@type\":\"ListItem\",\"position\":2,\"name\":\"INTRODUCCI\u00d3N-RCRC INFORMES TEM\u00c1TICOS\"}]},{\"@type\":\"WebSite\",\"@id\":\"https:\/\/rcrctoolbox.org\/#website\",\"url\":\"https:\/\/rcrctoolbox.org\/\",\"name\":\"RCRC Toolbox\",\"description\":\"Resilient Children \/ Resilient Communities\",\"publisher\":{\"@id\":\"https:\/\/rcrctoolbox.org\/#organization\"},\"potentialAction\":[{\"@type\":\"SearchAction\",\"target\":{\"@type\":\"EntryPoint\",\"urlTemplate\":\"https:\/\/rcrctoolbox.org\/?s={search_term_string}\"},\"query-input\":{\"@type\":\"PropertyValueSpecification\",\"valueRequired\":true,\"valueName\":\"search_term_string\"}}],\"inLanguage\":\"es\"},{\"@type\":\"Organization\",\"@id\":\"https:\/\/rcrctoolbox.org\/#organization\",\"name\":\"RCRC Toolbox\",\"url\":\"https:\/\/rcrctoolbox.org\/\",\"logo\":{\"@type\":\"ImageObject\",\"inLanguage\":\"es\",\"@id\":\"https:\/\/rcrctoolbox.org\/#\/schema\/logo\/image\/\",\"url\":\"https:\/\/rcrctoolbox.org\/wp-content\/uploads\/2018\/06\/RCRCToolboxLogo2-e1528722906772.png\",\"contentUrl\":\"https:\/\/rcrctoolbox.org\/wp-content\/uploads\/2018\/06\/RCRCToolboxLogo2-e1528722906772.png\",\"width\":260,\"height\":51,\"caption\":\"RCRC Toolbox\"},\"image\":{\"@id\":\"https:\/\/rcrctoolbox.org\/#\/schema\/logo\/image\/\"},\"sameAs\":[\"https:\/\/www.facebook.com\/ncdpcu\",\"https:\/\/x.com\/columbia_ncdp\",\"https:\/\/www.linkedin.com\/company\/national-center-for-disaster-preparedness\/\"]}]}<\/script>\n<!-- \/ Yoast SEO plugin. -->","yoast_head_json":{"title":"Informes Tem\u00e1ticos RCRC | RCRC Initiative","description":"These issue briefs are a reflection of five years of community-based work in six communities across the United States.","robots":{"index":"index","follow":"follow","max-snippet":"max-snippet:-1","max-image-preview":"max-image-preview:large","max-video-preview":"max-video-preview:-1"},"canonical":"https:\/\/rcrctoolbox.org\/es\/rcrc-issue-briefs-es\/","og_locale":"es_ES","og_type":"article","og_title":"Informes Tem\u00e1ticos RCRC | RCRC Initiative","og_description":"These issue briefs are a reflection of five years of community-based work in six communities across the United States.","og_url":"https:\/\/rcrctoolbox.org\/es\/rcrc-issue-briefs-es\/","og_site_name":"RCRC Caja de Herramientas","article_publisher":"https:\/\/www.facebook.com\/ncdpcu","article_modified_time":"2024-11-07T15:33:44+00:00","og_image":[{"width":800,"height":502,"url":"https:\/\/rcrctoolbox.org\/wp-content\/uploads\/2021\/02\/RCRCIssueBriefImage-es-TN.png","type":"image\/png"}],"twitter_card":"summary_large_image","twitter_title":"Informes Tem\u00e1ticos RCRC | RCRC Initiative","twitter_description":"These issue briefs are a reflection of five years of community-based work in six communities across the United States.","twitter_image":"https:\/\/rcrctoolbox.org\/wp-content\/uploads\/2021\/02\/RCRCIssueBriefImage-es-TN.png","twitter_site":"@columbia_ncdp","twitter_misc":{"Tiempo de lectura":"5 minutos"},"schema":{"@context":"https:\/\/schema.org","@graph":[{"@type":"WebPage","@id":"https:\/\/rcrctoolbox.org\/es\/rcrc-issue-briefs-es\/","url":"https:\/\/rcrctoolbox.org\/es\/rcrc-issue-briefs-es\/","name":"Informes Tem\u00e1ticos RCRC | RCRC Initiative","isPartOf":{"@id":"https:\/\/rcrctoolbox.org\/#website"},"datePublished":"2020-12-11T11:45:36+00:00","dateModified":"2024-11-07T15:33:44+00:00","description":"These issue briefs are a reflection of five years of community-based work in six communities across the United States.","breadcrumb":{"@id":"https:\/\/rcrctoolbox.org\/es\/rcrc-issue-briefs-es\/#breadcrumb"},"inLanguage":"es","potentialAction":[{"@type":"ReadAction","target":["https:\/\/rcrctoolbox.org\/es\/rcrc-issue-briefs-es\/"]}]},{"@type":"BreadcrumbList","@id":"https:\/\/rcrctoolbox.org\/es\/rcrc-issue-briefs-es\/#breadcrumb","itemListElement":[{"@type":"ListItem","position":1,"name":"Inicio","item":"https:\/\/rcrctoolbox.org\/es\/"},{"@type":"ListItem","position":2,"name":"INTRODUCCI\u00d3N-RCRC INFORMES TEM\u00c1TICOS"}]},{"@type":"WebSite","@id":"https:\/\/rcrctoolbox.org\/#website","url":"https:\/\/rcrctoolbox.org\/","name":"RCRC Toolbox","description":"Resilient Children \/ Resilient Communities","publisher":{"@id":"https:\/\/rcrctoolbox.org\/#organization"},"potentialAction":[{"@type":"SearchAction","target":{"@type":"EntryPoint","urlTemplate":"https:\/\/rcrctoolbox.org\/?s={search_term_string}"},"query-input":{"@type":"PropertyValueSpecification","valueRequired":true,"valueName":"search_term_string"}}],"inLanguage":"es"},{"@type":"Organization","@id":"https:\/\/rcrctoolbox.org\/#organization","name":"RCRC Toolbox","url":"https:\/\/rcrctoolbox.org\/","logo":{"@type":"ImageObject","inLanguage":"es","@id":"https:\/\/rcrctoolbox.org\/#\/schema\/logo\/image\/","url":"https:\/\/rcrctoolbox.org\/wp-content\/uploads\/2018\/06\/RCRCToolboxLogo2-e1528722906772.png","contentUrl":"https:\/\/rcrctoolbox.org\/wp-content\/uploads\/2018\/06\/RCRCToolboxLogo2-e1528722906772.png","width":260,"height":51,"caption":"RCRC Toolbox"},"image":{"@id":"https:\/\/rcrctoolbox.org\/#\/schema\/logo\/image\/"},"sameAs":["https:\/\/www.facebook.com\/ncdpcu","https:\/\/x.com\/columbia_ncdp","https:\/\/www.linkedin.com\/company\/national-center-for-disaster-preparedness\/"]}]}},"_links":{"self":[{"href":"https:\/\/rcrctoolbox.org\/es\/wp-json\/wp\/v2\/pages\/3900","targetHints":{"allow":["GET"]}}],"collection":[{"href":"https:\/\/rcrctoolbox.org\/es\/wp-json\/wp\/v2\/pages"}],"about":[{"href":"https:\/\/rcrctoolbox.org\/es\/wp-json\/wp\/v2\/types\/page"}],"author":[{"embeddable":true,"href":"https:\/\/rcrctoolbox.org\/es\/wp-json\/wp\/v2\/users\/3"}],"replies":[{"embeddable":true,"href":"https:\/\/rcrctoolbox.org\/es\/wp-json\/wp\/v2\/comments?post=3900"}],"version-history":[{"count":0,"href":"https:\/\/rcrctoolbox.org\/es\/wp-json\/wp\/v2\/pages\/3900\/revisions"}],"wp:attachment":[{"href":"https:\/\/rcrctoolbox.org\/es\/wp-json\/wp\/v2\/media?parent=3900"}],"curies":[{"name":"wp","href":"https:\/\/api.w.org\/{rel}","templated":true}]}}