{"id":3923,"date":"2020-12-11T06:44:41","date_gmt":"2020-12-11T11:44:41","guid":{"rendered":"https:\/\/rcrctoolbox.org\/rcrc-issue-briefs-es\/summary\/"},"modified":"2021-07-22T16:35:36","modified_gmt":"2021-07-22T20:35:36","slug":"summary-es","status":"publish","type":"page","link":"https:\/\/rcrctoolbox.org\/es\/rcrc-issue-briefs-es\/summary-es\/","title":{"rendered":"RESUMEN"},"content":{"rendered":"<p><strong><sup><a href=\"https:\/\/rcrctoolbox.org\/es\/rcrc-issue-briefs-es\/\">Introducci\u00f3n <\/a> | <a href=\"https:\/\/rcrctoolbox.org\/es\/rcrc-issue-briefs-es\/childcare-in-disasters-es\/\" rel=\"noopener\">Cuidado Infantil en Desastres<\/a> | <a href=\"https:\/\/rcrctoolbox.org\/es\/rcrc-issue-briefs-es\/broadband-in-education-es\/\" rel=\"noopener\">Banda Ancha en la Educaci\u00f3n <\/a> | <a href=\"https:\/\/rcrctoolbox.org\/es\/rcrc-issue-briefs-es\/mental-health-and-well-being-es\/\" rel=\"noopener\">Salud Mental y Bienestar <\/a> | <a href=\"https:\/\/rcrctoolbox.org\/es\/rcrc-issue-briefs-es\/emergency-shelters-and-housing-security-es\/\" rel=\"noopener\">Refugios de Emergencia y Seguridad de Viviendas<\/a> | <a href=\"https:\/\/rcrctoolbox.org\/es\/rcrc-issue-briefs-es\/food-security-and-poverty-es\/\" rel=\"noopener\">Seguridad Alimentaria y Pobreza<\/a> | Resumen<\/sup><\/strong><\/p>\n<p><a href=\"https:\/\/doi.org\/10.7916\/d8-yphb-8m33\" target=\"_blank\" rel=\"noopener\"><strong>Descargar documento (PDF)<\/strong><\/a><\/p>\n<h3 id=\"increasing-children\u2019s-resili\">Fortaleciendo la Resiliencia de los Ni\u00f1os en Desastres<\/h3>\n<p>Utilice el mouse o las flechas para desplazarse hacia la izquierda y derecha para saber m\u00e1s sobre estos temas importantes desde la perspectiva de las comunidades que participan en la Iniciativa Resilient Children\/Resilient Communities.<\/p>\n<div class=\"flourish-embed flourish-cards\" data-src=\"visualisation\/5297949\"><script src=\"https:\/\/public.flourish.studio\/resources\/embed.js\"><\/script><\/div>\n<p>Los cinco temas descritos en estos informes tem\u00e1ticos aclaran los problemas clave que enfrentan las comunidades en sus esfuerzos por promover que los\u00a0 ni\u00f1os sean resilientes en desastres, y en particular durante la pandemia de COVID-19. Estos problemas son complejos y, aunque cada uno representa un tema singular para la pol\u00edtica p\u00fablica, estan interconectados entre s\u00ed y otros problemas que van m\u00e1s all\u00e1 del contexto de los desastres. Para seguir aumentando la resiliencia de las comunidades y los ni\u00f1os de Estados Unidos, debemos seguir entendiendo estos problemas sociales como desaf\u00edos matizados e interconectados.<\/p>\n<p>Cada informe tem\u00e1tico termina con algunas recomendaciones clave, que se recopilan aqu\u00ed:<\/p>\n<p>&nbsp;<\/p>\n<h3 id=\"childcare\u00a0in-disasters\u00a0\"><a href=\"https:\/\/rcrctoolbox.org\/es\/rcrc-issue-briefs-es\/childcare-in-disasters-es\/\">CUIDADO INFANTIL en DESASTRES<\/a><\/h3>\n<p><b><i><span data-contrast=\"none\">Apoyar pol\u00edticas para el tratamiento del cuidado infantil como industria y servicio esencial<\/span><\/i><\/b><\/p>\n<ul>\n<li>Abogar para que las instituciones que atienden a los ni\u00f1os se consideren negocios esenciales y sean considerados como puntos de referencia para la recuperaci\u00f3n econ\u00f3mica.<\/li>\n<li>Ajustar las regulaciones estatales de financiamiento para que exista la flexibilidad necesaria para las instituciones que atienden a ni\u00f1os cuando se declara una emergencia.<\/li>\n<li>Establecer protocolos para proteger a los trabajadores de cuidado infantil y declararlos como trabajadores en \u00abmayor riesgo\u00bb para garantizar que los programas tengan suficiente personal antes de reabrir.<\/li>\n<\/ul>\n<p>&nbsp;<\/p>\n<h3 id=\"broadband\u00a0and\u00a0education-in-d\"><a href=\"https:\/\/rcrctoolbox.org\/rcrc-issue-briefs\/broadband-in-education\/\"><b><span data-contrast=\"none\">BANDA ANCHA y EDUCACI\u00d3N en DESASTRES<\/span><\/b><\/a><\/h3>\n<p><b><i><span data-contrast=\"none\">El Acceso a banda ancha para ni\u00f1os es m\u00e1s urgente que nunca\u00a0<\/span><\/i><\/b><\/p>\n<ul>\n<li>Promover y financiar la banda ancha como un servicio p\u00fablico para brindar a todos los estudiantes la misma oportunidad de educaci\u00f3n en-l\u00ednea durante la pandemia del COVID-19, independientemente de su situaci\u00f3n socioecon\u00f3mica o geogr\u00e1fica.<\/li>\n<li>Desarrollar y expandir programas que ampl\u00eden el alcance de las iniciativas de acceso de banda ancha para abordar los cuatro modos de desigualdad:<\/li>\n<\/ul>\n<ol>\n<li style=\"list-style-type: none;\">\n<ol>\n<li>acceso a la red y banda ancha<\/li>\n<li>costos de servicio<\/li>\n<li>acceso a dispositivos tecnol\u00f3gicos<\/li>\n<li>capacitaci\u00f3n de dispositivos tecnol\u00f3gicos en varios idiomas.<\/li>\n<\/ol>\n<\/li>\n<\/ol>\n<p>&nbsp;<\/p>\n<h3 id=\"children\u2019s\u00a0mental-health-in\"><a href=\"https:\/\/rcrctoolbox.org\/rcrc-issue-briefs\/mental-health-and-well-being-es\/\"><b><span data-contrast=\"none\">SALUD MENTAL de los NI\u00d1OS en DESASTRES<\/span><\/b><\/a><\/h3>\n<p><b><i><span data-contrast=\"none\">Invertir en servicios de apoyo a la salud mental para escuelas y comunidades\u00a0<\/span><\/i><\/b><\/p>\n<ul>\n<li>Aumentar los recursos para los servicios de apoyo psicosocial y de salud mental en las escuelas.<\/li>\n<li>Ampliar las pr\u00e1cticas informadas sobre el trauma en las comunidades de todo el pa\u00eds.<\/li>\n<li>Reconocer y apoyar las pr\u00e1cticas que adoptan un enfoque que aborde las causas (y no el s\u00edntoma) para mejorar los resultados de salud f\u00edsica y mental.<\/li>\n<\/ul>\n<p>&nbsp;<\/p>\n<h3 id=\"housing\u00a0and\u00a0sheltering-in-di\"><a href=\"https:\/\/rcrctoolbox.org\/rcrc-issue-briefs\/emergency-shelters-and-housing-security-es\/\"><b><span data-contrast=\"none\">VIVIENDAS y REFUGIOS en DESASTRES\u00a0<\/span><\/b><\/a><\/h3>\n<p><b><i><span data-contrast=\"none\">Priorizar programas para la estabilidad de viviendas y refugios de emergencia amigables para ni\u00f1os<\/span><\/i><\/b><\/p>\n<ul>\n<li>Todos los refugios de emergencia deber\u00edan incluir \u00e1reas para dormir adecuados para ni\u00f1os como parte del plan de refugio.<\/li>\n<li>Crear m\u00e1s opciones utilizando refugios que no sean escuelas para promover la continuidad educativa en caso de desastres.<\/li>\n<li>Apoyar iniciativas de vivienda segura dirigidas por la comunidad en \u00e1reas propensas a desastres, especialmente para inquilinos en comunidades de ingresos bajos y moderados, para reducir la demanda general de refugios en desastres y aumentar los esfuerzos para mantener una rutina y normalidad en el hogar para los ni\u00f1os.<\/li>\n<\/ul>\n<h3 id=\"--poverty-and-food-security-in\"><\/h3>\n<h3 id=\"poverty-and-food-security-in-d\"><a href=\"https:\/\/rcrctoolbox.org\/rcrc-issue-briefs\/food-security-and-poverty\/\"><b><span data-contrast=\"none\">POBREZA y SEGURIDAD ALIMENTARIA en DESASTRES\u00a0<\/span><\/b><\/a><\/h3>\n<p><b><i><span data-contrast=\"none\">Seguridad alimentaria en desastres reduce el riesgo de que m\u00e1s personas caigan en la pobreza\u00a0<\/span><\/i><\/b><\/p>\n<ul>\n<li>Prolongar la duraci\u00f3n de los programas de seguridad alimentaria de emergencia para que persistan m\u00e1s all\u00e1 de la respuesta a desastres en el corto plazo es decir, durante todo el per\u00edodo de recuperaci\u00f3n de desastres, para as\u00ed garantizar la estabilidad de los ni\u00f1os y las familias.<\/li>\n<li>Dar prioridad a los programas de seguridad alimentaria en las regiones propensas a desastres para impedir el aumento de la pobreza despu\u00e9s de un desastre.<\/li>\n<li>Tener en cuenta las diferencias en estilos de vida al dise\u00f1ar programas de seguridad alimentaria para las familias en situaci\u00f3n de pobreza: reducir los tiempos de espera, las largas filas y otras barreras para la participaci\u00f3n de los trabajadores en situaci\u00f3n de pobreza.<\/li>\n<\/ul>\n<h3 id=\"--cares-act-allocations-and-sp\"><\/h3>\n<h3 id=\"las-ayudas-por-covid-19\u00a0y-gas\"><span class=\"TextRun SCXW64314889 BCX0\" lang=\"EN-US\" xml:lang=\"EN-US\" data-contrast=\"none\"><span class=\"NormalTextRun SCXW64314889 BCX0\">Las Ayudas <\/span><\/span><span class=\"TextRun SCXW64314889 BCX0\" lang=\"EN-US\" xml:lang=\"EN-US\" data-contrast=\"none\"><span class=\"NormalTextRun SCXW64314889 BCX0\">por COVID-19\u00a0<\/span><\/span><span class=\"TextRun SCXW64314889 BCX0\" lang=\"EN-US\" xml:lang=\"EN-US\" data-contrast=\"none\"><span class=\"NormalTextRun SCXW64314889 BCX0\">y Gastos P\u00fablicos en Desastres y los Ni\u00f1os<\/span><\/span><\/h3>\n<p>Durante la pandemia de coronavirus, la necesidad cr\u00edtica de abordar estos problemas se hizo evidente. De repente, la naci\u00f3n completa se dio cuenta de la interacci\u00f3n entre la capacidad de recuperaci\u00f3n de los ni\u00f1os ante los desastres y la dependencia de la econom\u00eda en la estabilidad de los servicios para ni\u00f1os. La legislaci\u00f3n de emergencia aprobada durante la pandemia del COVID-19 busc\u00f3 abordar estos cinco problemas cr\u00edticos y, aunque represent\u00f3 un paso en la direcci\u00f3n correcta, a\u00fan quedan mejoras por hacer para garantizar la resiliencia de los ni\u00f1os y las comunidades en los desastres.<\/p>\n<p>Haga clic m\u00e1s abajo para explorar c\u00f3mo las 5 necesidades principales de los ni\u00f1os se beneficiaron de las asignaciones realizadas mediante la Ley CARES de marzo de 2020 y las asignaciones posteriores incluidas en la Ley P\u00fablica 116-260 en diciembre de 2020. Puede rastrear los fondos para estos 5 temas hasta su fuente original para entender mejor las formas en que los programas gubernamentales fomentan la resiliencia para esta poblaci\u00f3n cr\u00edtica y vulnerable.<\/p>\n<div class=\"flourish-embed\" data-src=\"story\/819893\"><script src=\"https:\/\/public.flourish.studio\/resources\/embed.js\"><\/script><\/div>\n<p>&nbsp;<\/p>\n<div class=\"flourish-embed\" data-src=\"story\/758212\"><script src=\"https:\/\/public.flourish.studio\/resources\/embed.js\"><\/script><\/div>\n<p>&nbsp;<\/p>\n<div class=\"flourish-embed\" data-src=\"story\/752964\"><script src=\"https:\/\/public.flourish.studio\/resources\/embed.js\"><\/script><\/div>\n<p>&nbsp;<\/p>\n<p>Actualizado por \u00faltima vez: 7 de abril, 2021<\/p>\n<p>&nbsp;<\/p>\n<p><a class=\"maxbutton-30 maxbutton maxbutton-back-food-es\" title=\"Atr\u00e1s RCRC Issue Briefs\" href=\"https:\/\/rcrctoolbox.org\/es\/rcrc-issue-briefs-es\/food-security-and-poverty-es\/\"><span class='mb-text'>\u2039\u2039 Atr\u00e1s<\/span><\/a> <a class=\"maxbutton-24 maxbutton maxbutton-toolbox-es\" title=\"Explore la caja de herramientas de RCRC\" href=\"https:\/\/rcrctoolbox.org\/es\/toolboxes\/\"><span class='mb-text'>Caja de Herramientas RCRC<\/span><\/a><\/p>\n","protected":false},"excerpt":{"rendered":"<p>Introducci\u00f3n | Cuidado Infantil en Desastres | Banda Ancha en la Educaci\u00f3n | Salud Mental y Bienestar | Refugios de Emergencia y Seguridad de Viviendas | Seguridad Alimentaria y Pobreza | Resumen Descargar documento (PDF) Fortaleciendo la Resiliencia de los Ni\u00f1os en Desastres Utilice el&#8230;<\/p>\n","protected":false},"author":3,"featured_media":0,"parent":3900,"menu_order":6,"comment_status":"closed","ping_status":"closed","template":"","meta":{"_acf_changed":false,"_monsterinsights_skip_tracking":false,"_monsterinsights_sitenote_active":false,"_monsterinsights_sitenote_note":"","_monsterinsights_sitenote_category":0,"footnotes":""},"class_list":["post-3923","page","type-page","status-publish","hentry"],"acf":[],"yoast_head":"<!-- This site is optimized with the Yoast SEO plugin v26.2 - https:\/\/yoast.com\/wordpress\/plugins\/seo\/ -->\n<title>Summary of 2020 RCRC Issue Briefs | RCRC Initiative<\/title>\n<meta name=\"description\" content=\"To continue increasing the resilience of America\u2019s communities and children, we must continue to understand these social issues as nuanced and interconnected challenges.\" \/>\n<meta name=\"robots\" content=\"index, follow, max-snippet:-1, max-image-preview:large, max-video-preview:-1\" \/>\n<link rel=\"canonical\" href=\"https:\/\/rcrctoolbox.org\/es\/rcrc-issue-briefs-es\/summary-es\/\" \/>\n<meta property=\"og:locale\" content=\"es_ES\" \/>\n<meta property=\"og:type\" content=\"article\" \/>\n<meta property=\"og:title\" content=\"Summary of 2020 RCRC Issue Briefs | RCRC Initiative\" \/>\n<meta property=\"og:description\" content=\"To continue increasing the resilience of America\u2019s communities and children, we must continue to understand these social issues as nuanced and interconnected challenges.\" \/>\n<meta property=\"og:url\" content=\"https:\/\/rcrctoolbox.org\/es\/rcrc-issue-briefs-es\/summary-es\/\" \/>\n<meta property=\"og:site_name\" content=\"RCRC Caja de Herramientas\" \/>\n<meta property=\"article:publisher\" content=\"https:\/\/www.facebook.com\/ncdpcu\" \/>\n<meta property=\"article:modified_time\" content=\"2021-07-22T20:35:36+00:00\" \/>\n<meta name=\"twitter:card\" content=\"summary_large_image\" \/>\n<meta name=\"twitter:title\" content=\"Summary of 2020 RCRC Issue Briefs | RCRC Initiative\" \/>\n<meta name=\"twitter:description\" content=\"To continue increasing the resilience of America\u2019s communities and children, we must continue to understand these social issues as nuanced and interconnected challenges.\" \/>\n<meta name=\"twitter:site\" content=\"@columbia_ncdp\" \/>\n<meta name=\"twitter:label1\" content=\"Tiempo de lectura\" \/>\n\t<meta name=\"twitter:data1\" content=\"4 minutos\" \/>\n<script type=\"application\/ld+json\" class=\"yoast-schema-graph\">{\"@context\":\"https:\/\/schema.org\",\"@graph\":[{\"@type\":\"WebPage\",\"@id\":\"https:\/\/rcrctoolbox.org\/es\/rcrc-issue-briefs-es\/summary-es\/\",\"url\":\"https:\/\/rcrctoolbox.org\/es\/rcrc-issue-briefs-es\/summary-es\/\",\"name\":\"Summary of 2020 RCRC Issue Briefs | RCRC Initiative\",\"isPartOf\":{\"@id\":\"https:\/\/rcrctoolbox.org\/#website\"},\"datePublished\":\"2020-12-11T11:44:41+00:00\",\"dateModified\":\"2021-07-22T20:35:36+00:00\",\"description\":\"To continue increasing the resilience of America\u2019s communities and children, we must continue to understand these social issues as nuanced and interconnected challenges.\",\"breadcrumb\":{\"@id\":\"https:\/\/rcrctoolbox.org\/es\/rcrc-issue-briefs-es\/summary-es\/#breadcrumb\"},\"inLanguage\":\"es\",\"potentialAction\":[{\"@type\":\"ReadAction\",\"target\":[\"https:\/\/rcrctoolbox.org\/es\/rcrc-issue-briefs-es\/summary-es\/\"]}]},{\"@type\":\"BreadcrumbList\",\"@id\":\"https:\/\/rcrctoolbox.org\/es\/rcrc-issue-briefs-es\/summary-es\/#breadcrumb\",\"itemListElement\":[{\"@type\":\"ListItem\",\"position\":1,\"name\":\"Inicio\",\"item\":\"https:\/\/rcrctoolbox.org\/es\/\"},{\"@type\":\"ListItem\",\"position\":2,\"name\":\"INTRODUCCI\u00d3N-RCRC INFORMES TEM\u00c1TICOS\",\"item\":\"https:\/\/rcrctoolbox.org\/es\/rcrc-issue-briefs-es\/\"},{\"@type\":\"ListItem\",\"position\":3,\"name\":\"RESUMEN\"}]},{\"@type\":\"WebSite\",\"@id\":\"https:\/\/rcrctoolbox.org\/#website\",\"url\":\"https:\/\/rcrctoolbox.org\/\",\"name\":\"RCRC Toolbox\",\"description\":\"Resilient Children \/ Resilient Communities\",\"publisher\":{\"@id\":\"https:\/\/rcrctoolbox.org\/#organization\"},\"potentialAction\":[{\"@type\":\"SearchAction\",\"target\":{\"@type\":\"EntryPoint\",\"urlTemplate\":\"https:\/\/rcrctoolbox.org\/?s={search_term_string}\"},\"query-input\":{\"@type\":\"PropertyValueSpecification\",\"valueRequired\":true,\"valueName\":\"search_term_string\"}}],\"inLanguage\":\"es\"},{\"@type\":\"Organization\",\"@id\":\"https:\/\/rcrctoolbox.org\/#organization\",\"name\":\"RCRC Toolbox\",\"url\":\"https:\/\/rcrctoolbox.org\/\",\"logo\":{\"@type\":\"ImageObject\",\"inLanguage\":\"es\",\"@id\":\"https:\/\/rcrctoolbox.org\/#\/schema\/logo\/image\/\",\"url\":\"https:\/\/rcrctoolbox.org\/wp-content\/uploads\/2018\/06\/RCRCToolboxLogo2-e1528722906772.png\",\"contentUrl\":\"https:\/\/rcrctoolbox.org\/wp-content\/uploads\/2018\/06\/RCRCToolboxLogo2-e1528722906772.png\",\"width\":260,\"height\":51,\"caption\":\"RCRC Toolbox\"},\"image\":{\"@id\":\"https:\/\/rcrctoolbox.org\/#\/schema\/logo\/image\/\"},\"sameAs\":[\"https:\/\/www.facebook.com\/ncdpcu\",\"https:\/\/x.com\/columbia_ncdp\",\"https:\/\/www.linkedin.com\/company\/national-center-for-disaster-preparedness\/\"]}]}<\/script>\n<!-- \/ Yoast SEO plugin. -->","yoast_head_json":{"title":"Summary of 2020 RCRC Issue Briefs | RCRC Initiative","description":"To continue increasing the resilience of America\u2019s communities and children, we must continue to understand these social issues as nuanced and interconnected challenges.","robots":{"index":"index","follow":"follow","max-snippet":"max-snippet:-1","max-image-preview":"max-image-preview:large","max-video-preview":"max-video-preview:-1"},"canonical":"https:\/\/rcrctoolbox.org\/es\/rcrc-issue-briefs-es\/summary-es\/","og_locale":"es_ES","og_type":"article","og_title":"Summary of 2020 RCRC Issue Briefs | RCRC Initiative","og_description":"To continue increasing the resilience of America\u2019s communities and children, we must continue to understand these social issues as nuanced and interconnected challenges.","og_url":"https:\/\/rcrctoolbox.org\/es\/rcrc-issue-briefs-es\/summary-es\/","og_site_name":"RCRC Caja de Herramientas","article_publisher":"https:\/\/www.facebook.com\/ncdpcu","article_modified_time":"2021-07-22T20:35:36+00:00","twitter_card":"summary_large_image","twitter_title":"Summary of 2020 RCRC Issue Briefs | RCRC Initiative","twitter_description":"To continue increasing the resilience of America\u2019s communities and children, we must continue to understand these social issues as nuanced and interconnected challenges.","twitter_site":"@columbia_ncdp","twitter_misc":{"Tiempo de lectura":"4 minutos"},"schema":{"@context":"https:\/\/schema.org","@graph":[{"@type":"WebPage","@id":"https:\/\/rcrctoolbox.org\/es\/rcrc-issue-briefs-es\/summary-es\/","url":"https:\/\/rcrctoolbox.org\/es\/rcrc-issue-briefs-es\/summary-es\/","name":"Summary of 2020 RCRC Issue Briefs | RCRC Initiative","isPartOf":{"@id":"https:\/\/rcrctoolbox.org\/#website"},"datePublished":"2020-12-11T11:44:41+00:00","dateModified":"2021-07-22T20:35:36+00:00","description":"To continue increasing the resilience of America\u2019s communities and children, we must continue to understand these social issues as nuanced and interconnected challenges.","breadcrumb":{"@id":"https:\/\/rcrctoolbox.org\/es\/rcrc-issue-briefs-es\/summary-es\/#breadcrumb"},"inLanguage":"es","potentialAction":[{"@type":"ReadAction","target":["https:\/\/rcrctoolbox.org\/es\/rcrc-issue-briefs-es\/summary-es\/"]}]},{"@type":"BreadcrumbList","@id":"https:\/\/rcrctoolbox.org\/es\/rcrc-issue-briefs-es\/summary-es\/#breadcrumb","itemListElement":[{"@type":"ListItem","position":1,"name":"Inicio","item":"https:\/\/rcrctoolbox.org\/es\/"},{"@type":"ListItem","position":2,"name":"INTRODUCCI\u00d3N-RCRC INFORMES TEM\u00c1TICOS","item":"https:\/\/rcrctoolbox.org\/es\/rcrc-issue-briefs-es\/"},{"@type":"ListItem","position":3,"name":"RESUMEN"}]},{"@type":"WebSite","@id":"https:\/\/rcrctoolbox.org\/#website","url":"https:\/\/rcrctoolbox.org\/","name":"RCRC Toolbox","description":"Resilient Children \/ Resilient Communities","publisher":{"@id":"https:\/\/rcrctoolbox.org\/#organization"},"potentialAction":[{"@type":"SearchAction","target":{"@type":"EntryPoint","urlTemplate":"https:\/\/rcrctoolbox.org\/?s={search_term_string}"},"query-input":{"@type":"PropertyValueSpecification","valueRequired":true,"valueName":"search_term_string"}}],"inLanguage":"es"},{"@type":"Organization","@id":"https:\/\/rcrctoolbox.org\/#organization","name":"RCRC Toolbox","url":"https:\/\/rcrctoolbox.org\/","logo":{"@type":"ImageObject","inLanguage":"es","@id":"https:\/\/rcrctoolbox.org\/#\/schema\/logo\/image\/","url":"https:\/\/rcrctoolbox.org\/wp-content\/uploads\/2018\/06\/RCRCToolboxLogo2-e1528722906772.png","contentUrl":"https:\/\/rcrctoolbox.org\/wp-content\/uploads\/2018\/06\/RCRCToolboxLogo2-e1528722906772.png","width":260,"height":51,"caption":"RCRC Toolbox"},"image":{"@id":"https:\/\/rcrctoolbox.org\/#\/schema\/logo\/image\/"},"sameAs":["https:\/\/www.facebook.com\/ncdpcu","https:\/\/x.com\/columbia_ncdp","https:\/\/www.linkedin.com\/company\/national-center-for-disaster-preparedness\/"]}]}},"_links":{"self":[{"href":"https:\/\/rcrctoolbox.org\/es\/wp-json\/wp\/v2\/pages\/3923","targetHints":{"allow":["GET"]}}],"collection":[{"href":"https:\/\/rcrctoolbox.org\/es\/wp-json\/wp\/v2\/pages"}],"about":[{"href":"https:\/\/rcrctoolbox.org\/es\/wp-json\/wp\/v2\/types\/page"}],"author":[{"embeddable":true,"href":"https:\/\/rcrctoolbox.org\/es\/wp-json\/wp\/v2\/users\/3"}],"replies":[{"embeddable":true,"href":"https:\/\/rcrctoolbox.org\/es\/wp-json\/wp\/v2\/comments?post=3923"}],"version-history":[{"count":0,"href":"https:\/\/rcrctoolbox.org\/es\/wp-json\/wp\/v2\/pages\/3923\/revisions"}],"up":[{"embeddable":true,"href":"https:\/\/rcrctoolbox.org\/es\/wp-json\/wp\/v2\/pages\/3900"}],"wp:attachment":[{"href":"https:\/\/rcrctoolbox.org\/es\/wp-json\/wp\/v2\/media?parent=3923"}],"curies":[{"name":"wp","href":"https:\/\/api.w.org\/{rel}","templated":true}]}}